{"id":3543,"date":"2024-04-15T09:16:48","date_gmt":"2024-04-15T09:16:48","guid":{"rendered":"https:\/\/www.palagio.it\/sostenibilita-totale\/"},"modified":"2024-09-30T13:24:12","modified_gmt":"2024-09-30T13:24:12","slug":"la-durabilite-totale","status":"publish","type":"page","link":"https:\/\/www.palagio.it\/fr\/la-durabilite-totale\/","title":{"rendered":"La Durabilit\u00e8 Totale"},"content":{"rendered":"\t\t<div data-elementor-type=\"wp-page\" data-elementor-id=\"3543\" class=\"elementor elementor-3543 elementor-401\" data-elementor-post-type=\"page\">\n\t\t\t\t\t\t<section class=\"elementor-section elementor-top-section elementor-element elementor-element-c90f5a0 elementor-section-boxed elementor-section-height-default elementor-section-height-default\" data-id=\"c90f5a0\" data-element_type=\"section\" data-settings=\"{&quot;background_background&quot;:&quot;classic&quot;,&quot;background_motion_fx_motion_fx_scrolling&quot;:&quot;yes&quot;,&quot;background_motion_fx_devices&quot;:[&quot;desktop&quot;,&quot;tablet&quot;,&quot;mobile&quot;]}\">\n\t\t\t\t\t\t\t<div class=\"elementor-background-overlay\"><\/div>\n\t\t\t\t\t\t\t<div class=\"elementor-container elementor-column-gap-default\">\n\t\t\t\t\t<div class=\"elementor-column elementor-col-100 elementor-top-column elementor-element elementor-element-190c67b8\" data-id=\"190c67b8\" data-element_type=\"column\">\n\t\t\t<div class=\"elementor-widget-wrap elementor-element-populated\">\n\t\t\t\t\t\t<div class=\"elementor-element elementor-element-7e985564 elementor-widget elementor-widget-heading\" data-id=\"7e985564\" data-element_type=\"widget\" data-widget_type=\"heading.default\">\n\t\t\t\t<div class=\"elementor-widget-container\">\n\t\t\t<h2 class=\"elementor-heading-title elementor-size-default\">LA DURABILIT\u00c9 TOTALE\n<\/h2>\t\t<\/div>\n\t\t\t\t<\/div>\n\t\t\t\t\t<\/div>\n\t\t<\/div>\n\t\t\t\t\t<\/div>\n\t\t<\/section>\n\t\t\t\t<section class=\"elementor-section elementor-top-section elementor-element elementor-element-18e1d38d elementor-section-full_width elementor-section-height-default elementor-section-height-default\" data-id=\"18e1d38d\" data-element_type=\"section\">\n\t\t\t\t\t\t<div class=\"elementor-container elementor-column-gap-no\">\n\t\t\t\t\t<div class=\"elementor-column elementor-col-100 elementor-top-column elementor-element elementor-element-6821ac81\" data-id=\"6821ac81\" data-element_type=\"column\" data-settings=\"{&quot;background_background&quot;:&quot;classic&quot;}\">\n\t\t\t<div class=\"elementor-widget-wrap elementor-element-populated\">\n\t\t\t\t\t\t<div class=\"elementor-element elementor-element-5fe8241e elementor-widget elementor-widget-text-editor\" data-id=\"5fe8241e\" data-element_type=\"widget\" data-widget_type=\"text-editor.default\">\n\t\t\t\t<div class=\"elementor-widget-container\">\n\t\t\t\t\t\t\t<p style=\"text-align: center;\">VERS L&rsquo;AVENIR, NOTRE PROJET DE STYLE DURABLE<\/p>\t\t\t\t\t\t<\/div>\n\t\t\t\t<\/div>\n\t\t\t\t\t<\/div>\n\t\t<\/div>\n\t\t\t\t\t<\/div>\n\t\t<\/section>\n\t\t\t\t<section class=\"elementor-section elementor-top-section elementor-element elementor-element-42896313 elementor-section-stretched elementor-section-boxed elementor-section-height-default elementor-section-height-default\" data-id=\"42896313\" data-element_type=\"section\" data-settings=\"{&quot;stretch_section&quot;:&quot;section-stretched&quot;}\">\n\t\t\t\t\t\t<div class=\"elementor-container elementor-column-gap-no\">\n\t\t\t\t\t<div class=\"elementor-column elementor-col-50 elementor-top-column elementor-element elementor-element-42b9a815\" data-id=\"42b9a815\" data-element_type=\"column\" data-settings=\"{&quot;background_background&quot;:&quot;classic&quot;}\">\n\t\t\t<div class=\"elementor-widget-wrap elementor-element-populated\">\n\t\t\t\t\t\t<div class=\"elementor-element elementor-element-393c0070 elementor-widget elementor-widget-heading\" data-id=\"393c0070\" data-element_type=\"widget\" data-widget_type=\"heading.default\">\n\t\t\t\t<div class=\"elementor-widget-container\">\n\t\t\t<h2 class=\"elementor-heading-title elementor-size-default\">NATURE SEULEMENT<\/h2>\t\t<\/div>\n\t\t\t\t<\/div>\n\t\t\t\t\t<\/div>\n\t\t<\/div>\n\t\t\t\t<div class=\"elementor-column elementor-col-50 elementor-top-column elementor-element elementor-element-501e0fff\" data-id=\"501e0fff\" data-element_type=\"column\" data-settings=\"{&quot;background_background&quot;:&quot;classic&quot;}\">\n\t\t\t<div class=\"elementor-widget-wrap elementor-element-populated\">\n\t\t\t\t\t\t<div class=\"elementor-element elementor-element-64763eb2 elementor-widget elementor-widget-spacer\" data-id=\"64763eb2\" data-element_type=\"widget\" data-widget_type=\"spacer.default\">\n\t\t\t\t<div class=\"elementor-widget-container\">\n\t\t\t\t\t<div class=\"elementor-spacer\">\n\t\t\t<div class=\"elementor-spacer-inner\"><\/div>\n\t\t<\/div>\n\t\t\t\t<\/div>\n\t\t\t\t<\/div>\n\t\t\t\t<div class=\"elementor-element elementor-element-786d4a5f elementor-widget__width-initial elementor-widget elementor-widget-heading\" data-id=\"786d4a5f\" data-element_type=\"widget\" data-widget_type=\"heading.default\">\n\t\t\t\t<div class=\"elementor-widget-container\">\n\t\t\t<div class=\"elementor-heading-title elementor-size-default\">Le d\u00e9veloppement durable est au c\u0153ur de nos choix<\/div>\t\t<\/div>\n\t\t\t\t<\/div>\n\t\t\t\t<div class=\"elementor-element elementor-element-53b98622 elementor-widget__width-initial elementor-widget elementor-widget-text-editor\" data-id=\"53b98622\" data-element_type=\"widget\" data-widget_type=\"text-editor.default\">\n\t\t\t\t<div class=\"elementor-widget-container\">\n\t\t\t\t\t\t\t<p>Nous n&rsquo;utilisons que des mati\u00e8res premi\u00e8res naturelles et mettons l&rsquo;accent sur les politiques d&rsquo;\u00e9conomie circulaire. Notre production est un exemple de durabilit\u00e9 : z\u00e9ro \u00e9mission dans l&rsquo;atmosph\u00e8re, \u00e9nergie propre pour chaque processus, \u00e9vitement des d\u00e9chets et recyclage des d\u00e9chets. M\u00eame l&rsquo;eau que nous utilisons est trait\u00e9e et recycl\u00e9e gr\u00e2ce \u00e0 un syst\u00e8me de purification sophistiqu\u00e9, ce qui r\u00e9duit consid\u00e9rablement les pr\u00e9l\u00e8vements dans les aquif\u00e8res.<br \/>Les zones de carri\u00e8res, \u00e0 la fin de l&rsquo;extraction, ne sont pas abandonn\u00e9es, mais incluses dans un projet de restauration environnementale, transform\u00e9es en pentes int\u00e9gr\u00e9es au paysage.<\/p>\t\t\t\t\t\t<\/div>\n\t\t\t\t<\/div>\n\t\t\t\t\t<\/div>\n\t\t<\/div>\n\t\t\t\t\t<\/div>\n\t\t<\/section>\n\t\t\t\t<section class=\"elementor-section elementor-top-section elementor-element elementor-element-3e713a4d elementor-section-stretched elementor-section-boxed elementor-section-height-default elementor-section-height-default\" data-id=\"3e713a4d\" data-element_type=\"section\" data-settings=\"{&quot;stretch_section&quot;:&quot;section-stretched&quot;}\">\n\t\t\t\t\t\t<div class=\"elementor-container elementor-column-gap-no\">\n\t\t\t\t\t<div class=\"elementor-column elementor-col-50 elementor-top-column elementor-element elementor-element-15ad3cf2\" data-id=\"15ad3cf2\" data-element_type=\"column\" data-settings=\"{&quot;background_background&quot;:&quot;classic&quot;}\">\n\t\t\t<div class=\"elementor-widget-wrap elementor-element-populated\">\n\t\t\t\t\t\t<div class=\"elementor-element elementor-element-2884438e elementor-widget elementor-widget-heading\" data-id=\"2884438e\" data-element_type=\"widget\" data-widget_type=\"heading.default\">\n\t\t\t\t<div class=\"elementor-widget-container\">\n\t\t\t<div class=\"elementor-heading-title elementor-size-default\">Notre produit<br>est z\u00e9ro km<\/div>\t\t<\/div>\n\t\t\t\t<\/div>\n\t\t\t\t<div class=\"elementor-element elementor-element-5d68bf4c elementor-widget__width-initial elementor-widget elementor-widget-text-editor\" data-id=\"5d68bf4c\" data-element_type=\"widget\" data-widget_type=\"text-editor.default\">\n\t\t\t\t<div class=\"elementor-widget-container\">\n\t\t\t\t\t\t\t<p>La mati\u00e8re premi\u00e8re provient directement de la carri\u00e8re situ\u00e9e \u00e0 proximit\u00e9 imm\u00e9diate de l&rsquo;usine de production.<\/p>\n<p>Nous nous engageons \u00e0 respecter l&rsquo;efficacit\u00e9 \u00e9nerg\u00e9tique : notre processus de cuisson est aliment\u00e9 par du gaz m\u00e9thane, ce qui r\u00e9duit les \u00e9missions de CO2.<\/p>\n<p>Conform\u00e9ment \u00e0 la tradition toscane, la terre cuite Il Palagio s&rsquo;engage \u00e0 minimiser l&rsquo;impact sur l&rsquo;environnement, en ne laissant de traces que lors de la pose des carreaux de sol et de mur.<\/p>\t\t\t\t\t\t<\/div>\n\t\t\t\t<\/div>\n\t\t\t\t\t<\/div>\n\t\t<\/div>\n\t\t\t\t<div class=\"elementor-column elementor-col-50 elementor-top-column elementor-element elementor-element-6a2a0502\" data-id=\"6a2a0502\" data-element_type=\"column\" data-settings=\"{&quot;background_background&quot;:&quot;classic&quot;}\">\n\t\t\t<div class=\"elementor-widget-wrap elementor-element-populated\">\n\t\t\t\t\t\t<div class=\"elementor-element elementor-element-8c20d75 elementor-widget elementor-widget-heading\" data-id=\"8c20d75\" data-element_type=\"widget\" data-widget_type=\"heading.default\">\n\t\t\t\t<div class=\"elementor-widget-container\">\n\t\t\t<h2 class=\"elementor-heading-title elementor-size-default\">L'AVENIR VERT<\/h2>\t\t<\/div>\n\t\t\t\t<\/div>\n\t\t\t\t\t<\/div>\n\t\t<\/div>\n\t\t\t\t\t<\/div>\n\t\t<\/section>\n\t\t\t\t<section class=\"elementor-section elementor-top-section elementor-element elementor-element-598342d1 elementor-section-stretched elementor-section-boxed elementor-section-height-default elementor-section-height-default\" data-id=\"598342d1\" data-element_type=\"section\" data-settings=\"{&quot;stretch_section&quot;:&quot;section-stretched&quot;}\">\n\t\t\t\t\t\t<div class=\"elementor-container elementor-column-gap-no\">\n\t\t\t\t\t<div class=\"elementor-column elementor-col-50 elementor-top-column elementor-element elementor-element-4cfa0f55\" data-id=\"4cfa0f55\" data-element_type=\"column\" data-settings=\"{&quot;background_background&quot;:&quot;classic&quot;}\">\n\t\t\t<div class=\"elementor-widget-wrap elementor-element-populated\">\n\t\t\t\t\t\t<div class=\"elementor-element elementor-element-3d993f5a elementor-widget elementor-widget-heading\" data-id=\"3d993f5a\" data-element_type=\"widget\" data-widget_type=\"heading.default\">\n\t\t\t\t<div class=\"elementor-widget-container\">\n\t\t\t<h2 class=\"elementor-heading-title elementor-size-default\">NATURELLEMENT RENOUVELABLE<\/h2>\t\t<\/div>\n\t\t\t\t<\/div>\n\t\t\t\t\t<\/div>\n\t\t<\/div>\n\t\t\t\t<div class=\"elementor-column elementor-col-50 elementor-top-column elementor-element elementor-element-583663d3\" data-id=\"583663d3\" data-element_type=\"column\" data-settings=\"{&quot;background_background&quot;:&quot;classic&quot;}\">\n\t\t\t<div class=\"elementor-widget-wrap elementor-element-populated\">\n\t\t\t\t\t\t<div class=\"elementor-element elementor-element-5d971a97 elementor-widget__width-initial elementor-widget elementor-widget-heading\" data-id=\"5d971a97\" data-element_type=\"widget\" data-widget_type=\"heading.default\">\n\t\t\t\t<div class=\"elementor-widget-container\">\n\t\t\t<div class=\"elementor-heading-title elementor-size-default\">La terre cuite est durable<br\/> et toujours nouvelle<\/div>\t\t<\/div>\n\t\t\t\t<\/div>\n\t\t\t\t<div class=\"elementor-element elementor-element-66dc0e1e elementor-widget__width-initial elementor-widget elementor-widget-text-editor\" data-id=\"66dc0e1e\" data-element_type=\"widget\" data-widget_type=\"text-editor.default\">\n\t\t\t\t<div class=\"elementor-widget-container\">\n\t\t\t\t\t\t\t<p>La terre cuite se r\u00e9g\u00e9n\u00e8re facilement et ne produit pas de d\u00e9chets : tout d\u00e9chet de traitement est r\u00e9utilis\u00e9 dans notre cycle de production, ce qui contribue \u00e0 minimiser l&rsquo;impact sur l&rsquo;environnement.<\/p>\n<p>L&rsquo;eau que nous utilisons est trait\u00e9e et recycl\u00e9e gr\u00e2ce \u00e0 un syst\u00e8me de purification sophistiqu\u00e9, ce qui permet de r\u00e9duire consid\u00e9rablement les pr\u00e9l\u00e8vements d&rsquo;eau dans les nappes phr\u00e9atiques et les d\u00e9chets ; tout est transform\u00e9 en \u00e9nergie nouvelle pour un avenir plus propre et plus vert.<\/p>\t\t\t\t\t\t<\/div>\n\t\t\t\t<\/div>\n\t\t\t\t\t<\/div>\n\t\t<\/div>\n\t\t\t\t\t<\/div>\n\t\t<\/section>\n\t\t\t\t<\/div>\n\t\t","protected":false},"excerpt":{"rendered":"<p>LA DURABILIT\u00c9 TOTALE VERS L&rsquo;AVENIR, NOTRE PROJET DE STYLE DURABLE NATURE SEULEMENT Le d\u00e9veloppement durable est au c\u0153ur de nos choix Nous n&rsquo;utilisons que des mati\u00e8res premi\u00e8res naturelles et mettons l&rsquo;accent sur les politiques d&rsquo;\u00e9conomie circulaire. Notre production est un exemple de durabilit\u00e9 : z\u00e9ro \u00e9mission dans l&rsquo;atmosph\u00e8re, \u00e9nergie propre pour chaque processus, \u00e9vitement des [&hellip;]<\/p>\n","protected":false},"author":1,"featured_media":0,"parent":0,"menu_order":0,"comment_status":"closed","ping_status":"closed","template":"elementor_header_footer","meta":{"_acf_changed":false,"footnotes":""},"class_list":["post-3543","page","type-page","status-publish","hentry"],"acf":[],"_links":{"self":[{"href":"https:\/\/www.palagio.it\/fr\/wp-json\/wp\/v2\/pages\/3543","targetHints":{"allow":["GET"]}}],"collection":[{"href":"https:\/\/www.palagio.it\/fr\/wp-json\/wp\/v2\/pages"}],"about":[{"href":"https:\/\/www.palagio.it\/fr\/wp-json\/wp\/v2\/types\/page"}],"author":[{"embeddable":true,"href":"https:\/\/www.palagio.it\/fr\/wp-json\/wp\/v2\/users\/1"}],"replies":[{"embeddable":true,"href":"https:\/\/www.palagio.it\/fr\/wp-json\/wp\/v2\/comments?post=3543"}],"version-history":[{"count":5,"href":"https:\/\/www.palagio.it\/fr\/wp-json\/wp\/v2\/pages\/3543\/revisions"}],"predecessor-version":[{"id":3715,"href":"https:\/\/www.palagio.it\/fr\/wp-json\/wp\/v2\/pages\/3543\/revisions\/3715"}],"wp:attachment":[{"href":"https:\/\/www.palagio.it\/fr\/wp-json\/wp\/v2\/media?parent=3543"}],"curies":[{"name":"wp","href":"https:\/\/api.w.org\/{rel}","templated":true}]}}