{"id":3530,"date":"2024-04-15T09:16:59","date_gmt":"2024-04-15T09:16:59","guid":{"rendered":"https:\/\/www.palagio.it\/storia-e-tradizione\/"},"modified":"2024-09-30T13:26:38","modified_gmt":"2024-09-30T13:26:38","slug":"histoire-et-tradition","status":"publish","type":"page","link":"https:\/\/www.palagio.it\/fr\/histoire-et-tradition\/","title":{"rendered":"Histoire et Tradition"},"content":{"rendered":"\t\t<div data-elementor-type=\"wp-page\" data-elementor-id=\"3530\" class=\"elementor elementor-3530 elementor-408\" data-elementor-post-type=\"page\">\n\t\t\t\t\t\t<section class=\"elementor-section elementor-top-section elementor-element elementor-element-1641cb6e elementor-section-boxed elementor-section-height-default elementor-section-height-default\" data-id=\"1641cb6e\" data-element_type=\"section\" data-settings=\"{&quot;background_background&quot;:&quot;classic&quot;}\">\n\t\t\t\t\t\t\t<div class=\"elementor-background-overlay\"><\/div>\n\t\t\t\t\t\t\t<div class=\"elementor-container elementor-column-gap-default\">\n\t\t\t\t\t<div class=\"elementor-column elementor-col-100 elementor-top-column elementor-element elementor-element-68af7812\" data-id=\"68af7812\" data-element_type=\"column\">\n\t\t\t<div class=\"elementor-widget-wrap elementor-element-populated\">\n\t\t\t\t\t\t<div class=\"elementor-element elementor-element-52369bea elementor-widget elementor-widget-text-editor\" data-id=\"52369bea\" data-element_type=\"widget\" data-widget_type=\"text-editor.default\">\n\t\t\t\t<div class=\"elementor-widget-container\">\n\t\t\t\t\t\t\t<p>Qui nous sommes<\/p>\t\t\t\t\t\t<\/div>\n\t\t\t\t<\/div>\n\t\t\t\t<div class=\"elementor-element elementor-element-79688660 elementor-widget elementor-widget-heading\" data-id=\"79688660\" data-element_type=\"widget\" data-widget_type=\"heading.default\">\n\t\t\t\t<div class=\"elementor-widget-container\">\n\t\t\t<h2 class=\"elementor-heading-title elementor-size-default\">HISTOIRE ET TRADITION<\/h2>\t\t<\/div>\n\t\t\t\t<\/div>\n\t\t\t\t\t<\/div>\n\t\t<\/div>\n\t\t\t\t\t<\/div>\n\t\t<\/section>\n\t\t\t\t<section class=\"elementor-section elementor-top-section elementor-element elementor-element-1160236b elementor-section-stretched elementor-section-boxed elementor-section-height-default elementor-section-height-default\" data-id=\"1160236b\" data-element_type=\"section\" data-settings=\"{&quot;stretch_section&quot;:&quot;section-stretched&quot;}\">\n\t\t\t\t\t\t<div class=\"elementor-container elementor-column-gap-no\">\n\t\t\t\t\t<div class=\"elementor-column elementor-col-100 elementor-top-column elementor-element elementor-element-2afe3d1c\" data-id=\"2afe3d1c\" data-element_type=\"column\" data-settings=\"{&quot;background_background&quot;:&quot;classic&quot;}\">\n\t\t\t<div class=\"elementor-widget-wrap elementor-element-populated\">\n\t\t\t\t\t\t<div class=\"elementor-element elementor-element-765d2b7 elementor-widget elementor-widget-text-editor\" data-id=\"765d2b7\" data-element_type=\"widget\" data-widget_type=\"text-editor.default\">\n\t\t\t\t<div class=\"elementor-widget-container\">\n\t\t\t\t\t\t\t<p>Il Palagio est en Cotto Imprunetino depuis 40 ans, un symbole d&rsquo;authenticit\u00e9 et de r\u00e9sistance, typique de l&rsquo;architecture toscane. Ce cotto est une chaleur et une couleur qui naissent de la tradition, mais qui \u00e9voluent, avec une vision claire d&rsquo;un avenir durable et contemporain.<\/p>\t\t\t\t\t\t<\/div>\n\t\t\t\t<\/div>\n\t\t\t\t\t<\/div>\n\t\t<\/div>\n\t\t\t\t\t<\/div>\n\t\t<\/section>\n\t\t\t\t<section class=\"elementor-section elementor-top-section elementor-element elementor-element-1a58b234 elementor-section-stretched elementor-section-boxed elementor-section-height-default elementor-section-height-default\" data-id=\"1a58b234\" data-element_type=\"section\" data-settings=\"{&quot;stretch_section&quot;:&quot;section-stretched&quot;}\">\n\t\t\t\t\t\t<div class=\"elementor-container elementor-column-gap-no\">\n\t\t\t\t\t<div class=\"elementor-column elementor-col-50 elementor-top-column elementor-element elementor-element-42648df7\" data-id=\"42648df7\" data-element_type=\"column\" data-settings=\"{&quot;background_background&quot;:&quot;classic&quot;}\">\n\t\t\t<div class=\"elementor-widget-wrap elementor-element-populated\">\n\t\t\t\t\t\t<div class=\"elementor-element elementor-element-7009f2e elementor-widget elementor-widget-heading\" data-id=\"7009f2e\" data-element_type=\"widget\" data-widget_type=\"heading.default\">\n\t\t\t\t<div class=\"elementor-widget-container\">\n\t\t\t<h2 class=\"elementor-heading-title elementor-size-default\">LA MARQUE<\/h2>\t\t<\/div>\n\t\t\t\t<\/div>\n\t\t\t\t\t<\/div>\n\t\t<\/div>\n\t\t\t\t<div class=\"elementor-column elementor-col-50 elementor-top-column elementor-element elementor-element-1468f855\" data-id=\"1468f855\" data-element_type=\"column\" data-settings=\"{&quot;background_background&quot;:&quot;classic&quot;}\">\n\t\t\t<div class=\"elementor-widget-wrap elementor-element-populated\">\n\t\t\t\t\t\t<div class=\"elementor-element elementor-element-6a58f814 elementor-widget__width-initial elementor-widget elementor-widget-heading\" data-id=\"6a58f814\" data-element_type=\"widget\" data-widget_type=\"heading.default\">\n\t\t\t\t<div class=\"elementor-widget-container\">\n\t\t\t<div class=\"elementor-heading-title elementor-size-default\">L'histoire et le prestige<br\/>de Cotto Imprunetino Autentico<\/div>\t\t<\/div>\n\t\t\t\t<\/div>\n\t\t\t\t<div class=\"elementor-element elementor-element-4af2594e elementor-widget__width-initial elementor-widget elementor-widget-text-editor\" data-id=\"4af2594e\" data-element_type=\"widget\" data-widget_type=\"text-editor.default\">\n\t\t\t\t<div class=\"elementor-widget-container\">\n\t\t\t\t\t\t\t<p>Il Palagio \u00e8 un marchio storico della produzione di Cotto Imprunetino autentico,\u00a0 l\u2019argilla \u00e8 estratta dalla cava di propriet\u00e0 nel cuore delle Colline del Chianti.\u00a0\u00a0<\/p><p>Il Cotto de Il Palagio \u00e8 espressione di tradizionale fascino toscano, bellezza contemporanea e rinnovamento continuo, per una gamma di prodotti che tiene il passo con il moderno e propone una visione versatile della progettazione degli spazi. Naturalmente sostenibile, il cotto de Il Palagio \u00e8 parte del Gruppo Vivaterra, brand storico e rinomato nella produzione del cotto autentico, durevole e toscano.<\/p>\t\t\t\t\t\t<\/div>\n\t\t\t\t<\/div>\n\t\t\t\t\t<\/div>\n\t\t<\/div>\n\t\t\t\t\t<\/div>\n\t\t<\/section>\n\t\t\t\t<section class=\"elementor-section elementor-top-section elementor-element elementor-element-36ac543c elementor-section-stretched elementor-reverse-mobile elementor-section-boxed elementor-section-height-default elementor-section-height-default\" data-id=\"36ac543c\" data-element_type=\"section\" data-settings=\"{&quot;stretch_section&quot;:&quot;section-stretched&quot;}\">\n\t\t\t\t\t\t<div class=\"elementor-container elementor-column-gap-no\">\n\t\t\t\t\t<div class=\"elementor-column elementor-col-50 elementor-top-column elementor-element elementor-element-12bb6e93\" data-id=\"12bb6e93\" data-element_type=\"column\" data-settings=\"{&quot;background_background&quot;:&quot;classic&quot;}\">\n\t\t\t<div class=\"elementor-widget-wrap elementor-element-populated\">\n\t\t\t\t\t\t<div class=\"elementor-element elementor-element-697f65c3 elementor-widget elementor-widget-heading\" data-id=\"697f65c3\" data-element_type=\"widget\" data-widget_type=\"heading.default\">\n\t\t\t\t<div class=\"elementor-widget-container\">\n\t\t\t<div class=\"elementor-heading-title elementor-size-default\">Recherche productive et<br\/>innovation, pour l'avenir<\/div>\t\t<\/div>\n\t\t\t\t<\/div>\n\t\t\t\t<div class=\"elementor-element elementor-element-5356bf94 elementor-widget__width-initial elementor-widget elementor-widget-text-editor\" data-id=\"5356bf94\" data-element_type=\"widget\" data-widget_type=\"text-editor.default\">\n\t\t\t\t<div class=\"elementor-widget-container\">\n\t\t\t\t\t\t\t<p>La recherche en mati\u00e8re de production est ax\u00e9e sur <strong>l&rsquo;innovation<\/strong>, l&rsquo;exploration de techniques et de technologies visant \u00e0 am\u00e9liorer les performances de nos rev\u00eatements et leur esth\u00e9tique, comme la ligne de cotto finie, pr\u00eate \u00e0 \u00eatre install\u00e9e.<\/p>\n<p>Il Palagio est plus <strong>qu&rsquo;une marque, c&rsquo;est un projet, une vision, une fa\u00e7on de penser l&rsquo;avenir<\/strong> de l&rsquo;architecture. Un avenir o\u00f9 le style, le design et la nature se rencontrent pour cr\u00e9er des espaces \u00e0 la fois robustes, fascinants et chaleureux.<\/p>\t\t\t\t\t\t<\/div>\n\t\t\t\t<\/div>\n\t\t\t\t\t<\/div>\n\t\t<\/div>\n\t\t\t\t<div class=\"elementor-column elementor-col-50 elementor-top-column elementor-element elementor-element-57d10bd0\" data-id=\"57d10bd0\" data-element_type=\"column\" data-settings=\"{&quot;background_background&quot;:&quot;classic&quot;}\">\n\t\t\t<div class=\"elementor-widget-wrap elementor-element-populated\">\n\t\t\t\t\t\t<div class=\"elementor-element elementor-element-25e8f65c elementor-widget elementor-widget-heading\" data-id=\"25e8f65c\" data-element_type=\"widget\" data-widget_type=\"heading.default\">\n\t\t\t\t<div class=\"elementor-widget-container\">\n\t\t\t<h2 class=\"elementor-heading-title elementor-size-default\">PROJET<br>\net beaut\u00e9<\/h2>\t\t<\/div>\n\t\t\t\t<\/div>\n\t\t\t\t\t<\/div>\n\t\t<\/div>\n\t\t\t\t\t<\/div>\n\t\t<\/section>\n\t\t\t\t<section class=\"elementor-section elementor-top-section elementor-element elementor-element-3a6fb30 elementor-section-stretched elementor-section-boxed elementor-section-height-default elementor-section-height-default\" data-id=\"3a6fb30\" data-element_type=\"section\" data-settings=\"{&quot;stretch_section&quot;:&quot;section-stretched&quot;}\">\n\t\t\t\t\t\t<div class=\"elementor-container elementor-column-gap-no\">\n\t\t\t\t\t<div class=\"elementor-column elementor-col-50 elementor-top-column elementor-element elementor-element-301f0812\" data-id=\"301f0812\" data-element_type=\"column\" data-settings=\"{&quot;background_background&quot;:&quot;classic&quot;}\">\n\t\t\t<div class=\"elementor-widget-wrap elementor-element-populated\">\n\t\t\t\t\t\t<div class=\"elementor-element elementor-element-245b6ded elementor-widget elementor-widget-heading\" data-id=\"245b6ded\" data-element_type=\"widget\" data-widget_type=\"heading.default\">\n\t\t\t\t<div class=\"elementor-widget-container\">\n\t\t\t<h2 class=\"elementor-heading-title elementor-size-default\">AVENIR ET AUTHENTICIT\u00c9<\/h2>\t\t<\/div>\n\t\t\t\t<\/div>\n\t\t\t\t\t<\/div>\n\t\t<\/div>\n\t\t\t\t<div class=\"elementor-column elementor-col-50 elementor-top-column elementor-element elementor-element-1b8cc09b\" data-id=\"1b8cc09b\" data-element_type=\"column\" data-settings=\"{&quot;background_background&quot;:&quot;classic&quot;}\">\n\t\t\t<div class=\"elementor-widget-wrap elementor-element-populated\">\n\t\t\t\t\t\t<div class=\"elementor-element elementor-element-6e72113b elementor-widget__width-initial elementor-widget elementor-widget-heading\" data-id=\"6e72113b\" data-element_type=\"widget\" data-widget_type=\"heading.default\">\n\t\t\t\t<div class=\"elementor-widget-container\">\n\t\t\t<div class=\"elementor-heading-title elementor-size-default\">La terre, l'air, l'eau et le feu : <span style= \"font-family: museo-sans-display; font-weight:100;\">notre identit\u00e9<\/span><\/div>\t\t<\/div>\n\t\t\t\t<\/div>\n\t\t\t\t<div class=\"elementor-element elementor-element-ae24bb5 elementor-widget__width-initial elementor-widget elementor-widget-text-editor\" data-id=\"ae24bb5\" data-element_type=\"widget\" data-widget_type=\"text-editor.default\">\n\t\t\t\t<div class=\"elementor-widget-container\">\n\t\t\t\t\t\t\t<p>Terra Toscana est la racine de notre Cotto, la marne est le schiste argileux \u00e0 partir duquel nos collections prennent forme.<\/p>\n<p>L&rsquo;air est l&rsquo;ingr\u00e9dient intangible, indispensable au processus de production, il donne diff\u00e9rents degr\u00e9s de chromaticit\u00e9 \u00e0 l&rsquo;argile. L&rsquo;eau est la colle qui donne forme \u00e0 Cotto et consistance aux carreaux. Le feu forge le mat\u00e9riau et lui conf\u00e8re le caract\u00e8re, la duret\u00e9 et la r\u00e9sistance typiques de Cotto Imprunetino. C&rsquo;est notre Cotto, il d\u00e9finit qui nous sommes et ce que nous voulons \u00eatre.<\/p>\t\t\t\t\t\t<\/div>\n\t\t\t\t<\/div>\n\t\t\t\t\t<\/div>\n\t\t<\/div>\n\t\t\t\t\t<\/div>\n\t\t<\/section>\n\t\t\t\t<\/div>\n\t\t","protected":false},"excerpt":{"rendered":"<p>Qui nous sommes HISTOIRE ET TRADITION Il Palagio est en Cotto Imprunetino depuis 40 ans, un symbole d&rsquo;authenticit\u00e9 et de r\u00e9sistance, typique de l&rsquo;architecture toscane. Ce cotto est une chaleur et une couleur qui naissent de la tradition, mais qui \u00e9voluent, avec une vision claire d&rsquo;un avenir durable et contemporain. LA MARQUE L&rsquo;histoire et le [&hellip;]<\/p>\n","protected":false},"author":1,"featured_media":0,"parent":0,"menu_order":0,"comment_status":"closed","ping_status":"closed","template":"elementor_header_footer","meta":{"_acf_changed":false,"footnotes":""},"class_list":["post-3530","page","type-page","status-publish","hentry"],"acf":[],"_links":{"self":[{"href":"https:\/\/www.palagio.it\/fr\/wp-json\/wp\/v2\/pages\/3530","targetHints":{"allow":["GET"]}}],"collection":[{"href":"https:\/\/www.palagio.it\/fr\/wp-json\/wp\/v2\/pages"}],"about":[{"href":"https:\/\/www.palagio.it\/fr\/wp-json\/wp\/v2\/types\/page"}],"author":[{"embeddable":true,"href":"https:\/\/www.palagio.it\/fr\/wp-json\/wp\/v2\/users\/1"}],"replies":[{"embeddable":true,"href":"https:\/\/www.palagio.it\/fr\/wp-json\/wp\/v2\/comments?post=3530"}],"version-history":[{"count":6,"href":"https:\/\/www.palagio.it\/fr\/wp-json\/wp\/v2\/pages\/3530\/revisions"}],"predecessor-version":[{"id":3719,"href":"https:\/\/www.palagio.it\/fr\/wp-json\/wp\/v2\/pages\/3530\/revisions\/3719"}],"wp:attachment":[{"href":"https:\/\/www.palagio.it\/fr\/wp-json\/wp\/v2\/media?parent=3530"}],"curies":[{"name":"wp","href":"https:\/\/api.w.org\/{rel}","templated":true}]}}