{"id":3510,"date":"2024-04-15T09:17:13","date_gmt":"2024-04-15T09:17:13","guid":{"rendered":"https:\/\/www.palagio.it\/divisione-materiali\/"},"modified":"2024-09-30T13:26:28","modified_gmt":"2024-09-30T13:26:28","slug":"division-des-materiaux","status":"publish","type":"page","link":"https:\/\/www.palagio.it\/fr\/division-des-materiaux\/","title":{"rendered":"Division des Mat\u00e9riaux"},"content":{"rendered":"\t\t<div data-elementor-type=\"wp-page\" data-elementor-id=\"3510\" class=\"elementor elementor-3510 elementor-415\" data-elementor-post-type=\"page\">\n\t\t\t\t\t\t<section class=\"elementor-section elementor-top-section elementor-element elementor-element-11e891cb elementor-section-stretched elementor-section-boxed elementor-section-height-default elementor-section-height-default\" data-id=\"11e891cb\" data-element_type=\"section\" data-settings=\"{&quot;background_background&quot;:&quot;classic&quot;,&quot;stretch_section&quot;:&quot;section-stretched&quot;}\">\n\t\t\t\t\t\t<div class=\"elementor-container elementor-column-gap-no\">\n\t\t\t\t\t<div class=\"elementor-column elementor-col-100 elementor-top-column elementor-element elementor-element-102f2293\" data-id=\"102f2293\" data-element_type=\"column\" data-settings=\"{&quot;background_background&quot;:&quot;classic&quot;}\">\n\t\t\t<div class=\"elementor-widget-wrap elementor-element-populated\">\n\t\t\t\t\t\t<div class=\"elementor-element elementor-element-77150d89 elementor-widget elementor-widget-text-editor\" data-id=\"77150d89\" data-element_type=\"widget\" data-widget_type=\"text-editor.default\">\n\t\t\t\t<div class=\"elementor-widget-container\">\n\t\t\t\t\t\t\t<p>ENTRETIEN<\/p>\t\t\t\t\t\t<\/div>\n\t\t\t\t<\/div>\n\t\t\t\t<div class=\"elementor-element elementor-element-3c70530f elementor-widget elementor-widget-heading\" data-id=\"3c70530f\" data-element_type=\"widget\" data-widget_type=\"heading.default\">\n\t\t\t\t<div class=\"elementor-widget-container\">\n\t\t\t<h2 class=\"elementor-heading-title elementor-size-default\">Emballages et division du mat\u00e9riel\n<\/h2>\t\t<\/div>\n\t\t\t\t<\/div>\n\t\t\t\t\t<\/div>\n\t\t<\/div>\n\t\t\t\t\t<\/div>\n\t\t<\/section>\n\t\t\t\t<section class=\"elementor-section elementor-top-section elementor-element elementor-element-2a86564d elementor-section-height-min-height elementor-section-items-top elementor-section-full_width elementor-section-height-default\" data-id=\"2a86564d\" data-element_type=\"section\" data-settings=\"{&quot;background_background&quot;:&quot;classic&quot;}\">\n\t\t\t\t\t\t<div class=\"elementor-container elementor-column-gap-no\">\n\t\t\t\t\t<div class=\"elementor-column elementor-col-100 elementor-top-column elementor-element elementor-element-7c6b7980\" data-id=\"7c6b7980\" data-element_type=\"column\" data-settings=\"{&quot;background_background&quot;:&quot;classic&quot;}\">\n\t\t\t<div class=\"elementor-widget-wrap elementor-element-populated\">\n\t\t\t\t\t\t<div class=\"elementor-element elementor-element-20b757b5 elementor-widget elementor-widget-spacer\" data-id=\"20b757b5\" data-element_type=\"widget\" data-widget_type=\"spacer.default\">\n\t\t\t\t<div class=\"elementor-widget-container\">\n\t\t\t\t\t<div class=\"elementor-spacer\">\n\t\t\t<div class=\"elementor-spacer-inner\"><\/div>\n\t\t<\/div>\n\t\t\t\t<\/div>\n\t\t\t\t<\/div>\n\t\t\t\t\t<\/div>\n\t\t<\/div>\n\t\t\t\t\t<\/div>\n\t\t<\/section>\n\t\t\t\t<section class=\"elementor-section elementor-top-section elementor-element elementor-element-50378a66 elementor-section-boxed elementor-section-height-default elementor-section-height-default\" data-id=\"50378a66\" data-element_type=\"section\">\n\t\t\t\t\t\t<div class=\"elementor-container elementor-column-gap-no\">\n\t\t\t\t\t<div class=\"elementor-column elementor-col-100 elementor-top-column elementor-element elementor-element-42f838f9\" data-id=\"42f838f9\" data-element_type=\"column\" data-settings=\"{&quot;background_background&quot;:&quot;classic&quot;}\">\n\t\t\t<div class=\"elementor-widget-wrap elementor-element-populated\">\n\t\t\t\t\t\t<div class=\"elementor-element elementor-element-75025b84 elementor-widget elementor-widget-text-editor\" data-id=\"75025b84\" data-element_type=\"widget\" data-widget_type=\"text-editor.default\">\n\t\t\t\t<div class=\"elementor-widget-container\">\n\t\t\t\t\t\t\t<h5 style=\"color: #7a1522;\"><strong>Arrotato Rustico carrelage \u00e0 s\u00e9parer:<br \/><\/strong><\/h5><p>Empoigner la pi\u00e8ce et la frapper \u00e0 45\u00b0 sur un morceau de bois ou de caoutchouc rigide.<br \/><img fetchpriority=\"high\" decoding=\"async\" class=\"alignnone wp-image-1863 size-full\" src=\"https:\/\/www.palagio.it\/wp-content\/uploads\/2024\/09\/pavimento-2.png\" alt=\"\" width=\"3466\" height=\"616\" srcset=\"https:\/\/www.palagio.it\/wp-content\/uploads\/2024\/09\/pavimento-2.png 3466w, https:\/\/www.palagio.it\/wp-content\/uploads\/2024\/09\/pavimento-2-300x53.png 300w, https:\/\/www.palagio.it\/wp-content\/uploads\/2024\/09\/pavimento-2-1024x182.png 1024w, https:\/\/www.palagio.it\/wp-content\/uploads\/2024\/09\/pavimento-2-768x136.png 768w, https:\/\/www.palagio.it\/wp-content\/uploads\/2024\/09\/pavimento-2-1536x273.png 1536w, https:\/\/www.palagio.it\/wp-content\/uploads\/2024\/09\/pavimento-2-2048x364.png 2048w\" sizes=\"(max-width: 3466px) 100vw, 3466px\" \/><\/p>\t\t\t\t\t\t<\/div>\n\t\t\t\t<\/div>\n\t\t\t\t<div class=\"elementor-element elementor-element-23824ffb elementor-widget elementor-widget-text-editor\" data-id=\"23824ffb\" data-element_type=\"widget\" data-widget_type=\"text-editor.default\">\n\t\t\t\t<div class=\"elementor-widget-container\">\n\t\t\t\t\t\t\t<h5 style=\"color: #7a1522;\"><strong>Arrotato Rustico carrelage s\u00e9par\u00e9 multiple:<br \/><\/strong><\/h5><p>Empoigner la pi\u00e8ce et la frapper sur l\u2019ar\u00eate d\u2019un morceau de bois ou de caoutchouc rigide sur l\u2019arri\u00e8re au niveau de la pr\u00e9-incision.<img decoding=\"async\" class=\"alignnone wp-image-1429 size-full\" src=\"https:\/\/www.palagio.it\/wp-content\/uploads\/2024\/05\/pavimento_multiplo.png\" alt=\"\" width=\"3466\" height=\"616\" srcset=\"https:\/\/www.palagio.it\/wp-content\/uploads\/2024\/05\/pavimento_multiplo.png 3466w, https:\/\/www.palagio.it\/wp-content\/uploads\/2024\/05\/pavimento_multiplo-300x53.png 300w, https:\/\/www.palagio.it\/wp-content\/uploads\/2024\/05\/pavimento_multiplo-1024x182.png 1024w, https:\/\/www.palagio.it\/wp-content\/uploads\/2024\/05\/pavimento_multiplo-768x136.png 768w, https:\/\/www.palagio.it\/wp-content\/uploads\/2024\/05\/pavimento_multiplo-1536x273.png 1536w, https:\/\/www.palagio.it\/wp-content\/uploads\/2024\/05\/pavimento_multiplo-2048x364.png 2048w\" sizes=\"(max-width: 3466px) 100vw, 3466px\" \/><\/p>\t\t\t\t\t\t<\/div>\n\t\t\t\t<\/div>\n\t\t\t\t<div class=\"elementor-element elementor-element-44bf42c6 elementor-widget elementor-widget-text-editor\" data-id=\"44bf42c6\" data-element_type=\"widget\" data-widget_type=\"text-editor.default\">\n\t\t\t\t<div class=\"elementor-widget-container\">\n\t\t\t\t\t\t\t<h5 style=\"color: #7a1522;\"><strong>Arrotato Rustico \u00e9tape:<\/strong><\/h5><p>Frappez la pr\u00e9-incision au centre du mat\u00e9riau avec un marteau \u00e0 panne fendue, apr\u00e8s avoir s\u00e9par\u00e9 les deux pi\u00e8ces, \u00e9liminez les r\u00e9sidus restants avec le marteau.<\/p><p><img decoding=\"async\" class=\"alignnone wp-image-1864 size-full\" src=\"https:\/\/www.palagio.it\/wp-content\/uploads\/2024\/09\/scalino.png\" alt=\"\" width=\"3466\" height=\"616\" srcset=\"https:\/\/www.palagio.it\/wp-content\/uploads\/2024\/09\/scalino.png 3466w, https:\/\/www.palagio.it\/wp-content\/uploads\/2024\/09\/scalino-300x53.png 300w, https:\/\/www.palagio.it\/wp-content\/uploads\/2024\/09\/scalino-1024x182.png 1024w, https:\/\/www.palagio.it\/wp-content\/uploads\/2024\/09\/scalino-768x136.png 768w, https:\/\/www.palagio.it\/wp-content\/uploads\/2024\/09\/scalino-1536x273.png 1536w, https:\/\/www.palagio.it\/wp-content\/uploads\/2024\/09\/scalino-2048x364.png 2048w\" sizes=\"(max-width: 3466px) 100vw, 3466px\" \/><\/p>\t\t\t\t\t\t<\/div>\n\t\t\t\t<\/div>\n\t\t\t\t<div class=\"elementor-element elementor-element-63f9c8de elementor-widget elementor-widget-text-editor\" data-id=\"63f9c8de\" data-element_type=\"widget\" data-widget_type=\"text-editor.default\">\n\t\t\t\t<div class=\"elementor-widget-container\">\n\t\t\t\t\t\t\t<h5 style=\"color: #7a1522;\"><strong>Arrotato Rustico plinthe:<\/strong><\/h5><p>Empoigner le bloc de quatre pi\u00e8ces et le s\u00e9parer en deux blocs de deux pi\u00e8ces en frappant sur un morceau de bois ou de caoutchouc rigide la pi\u00e8ce presque plane empoigner la pi\u00e8ce et la frapper inclin\u00e9e \u00e0 45\u00b0 d\u2019un morceau de bois ou de caoutchouc rigide.<\/p><p><img loading=\"lazy\" decoding=\"async\" class=\"alignnone wp-image-1865 size-full\" src=\"https:\/\/www.palagio.it\/wp-content\/uploads\/2024\/09\/Arrotato_battiscopa.png\" alt=\"\" width=\"3466\" height=\"616\" srcset=\"https:\/\/www.palagio.it\/wp-content\/uploads\/2024\/09\/Arrotato_battiscopa.png 3466w, https:\/\/www.palagio.it\/wp-content\/uploads\/2024\/09\/Arrotato_battiscopa-300x53.png 300w, https:\/\/www.palagio.it\/wp-content\/uploads\/2024\/09\/Arrotato_battiscopa-1024x182.png 1024w, https:\/\/www.palagio.it\/wp-content\/uploads\/2024\/09\/Arrotato_battiscopa-768x136.png 768w, https:\/\/www.palagio.it\/wp-content\/uploads\/2024\/09\/Arrotato_battiscopa-1536x273.png 1536w, https:\/\/www.palagio.it\/wp-content\/uploads\/2024\/09\/Arrotato_battiscopa-2048x364.png 2048w\" sizes=\"(max-width: 3466px) 100vw, 3466px\" \/><\/p>\t\t\t\t\t\t<\/div>\n\t\t\t\t<\/div>\n\t\t\t\t<div class=\"elementor-element elementor-element-2ddd8ee0 elementor-widget elementor-widget-text-editor\" data-id=\"2ddd8ee0\" data-element_type=\"widget\" data-widget_type=\"text-editor.default\">\n\t\t\t\t<div class=\"elementor-widget-container\">\n\t\t\t\t\t\t\t<h5 style=\"color: #7a1522;\"><strong>Arrotato Rustico cimase:<\/strong><\/h5><p>Frapper avec un marteau l\u2019arri\u00e8re de la couverture \u00e0 enlever pour la f\u00ealer frapper avec un marteau de charpentier la pr\u00e9 \u2013incision au centre du mat\u00e9riel apr\u00e8s l\u2019\u00e9limination de la plaque de couverture \u00e9liminer les r\u00e9sidus restants.<br \/><img loading=\"lazy\" decoding=\"async\" class=\"alignnone wp-image-1866 size-full\" src=\"https:\/\/www.palagio.it\/wp-content\/uploads\/2024\/09\/Arrotato_rustico.png\" alt=\"\" width=\"3466\" height=\"616\" srcset=\"https:\/\/www.palagio.it\/wp-content\/uploads\/2024\/09\/Arrotato_rustico.png 3466w, https:\/\/www.palagio.it\/wp-content\/uploads\/2024\/09\/Arrotato_rustico-300x53.png 300w, https:\/\/www.palagio.it\/wp-content\/uploads\/2024\/09\/Arrotato_rustico-1024x182.png 1024w, https:\/\/www.palagio.it\/wp-content\/uploads\/2024\/09\/Arrotato_rustico-768x136.png 768w, https:\/\/www.palagio.it\/wp-content\/uploads\/2024\/09\/Arrotato_rustico-1536x273.png 1536w, https:\/\/www.palagio.it\/wp-content\/uploads\/2024\/09\/Arrotato_rustico-2048x364.png 2048w\" sizes=\"(max-width: 3466px) 100vw, 3466px\" \/><\/p>\t\t\t\t\t\t<\/div>\n\t\t\t\t<\/div>\n\t\t\t\t<div class=\"elementor-element elementor-element-3dffc94a elementor-widget elementor-widget-text-editor\" data-id=\"3dffc94a\" data-element_type=\"widget\" data-widget_type=\"text-editor.default\">\n\t\t\t\t<div class=\"elementor-widget-container\">\n\t\t\t\t\t\t\t<h5 style=\"color: #7a1522;\"><strong>Sestino Cottofine\/ Sesino Gaiole:<\/strong><\/h5><p>Empoigner la pi\u00e8ce et la frapper sur un morceau de bois ou de caoutchouc rigide inclin\u00e9 \u00e0 45\u00b0<\/p><p><img loading=\"lazy\" decoding=\"async\" class=\"alignnone wp-image-1867 size-full\" src=\"https:\/\/www.palagio.it\/wp-content\/uploads\/2024\/09\/sestino_cottofine.png\" alt=\"\" width=\"3466\" height=\"616\" srcset=\"https:\/\/www.palagio.it\/wp-content\/uploads\/2024\/09\/sestino_cottofine.png 3466w, https:\/\/www.palagio.it\/wp-content\/uploads\/2024\/09\/sestino_cottofine-300x53.png 300w, https:\/\/www.palagio.it\/wp-content\/uploads\/2024\/09\/sestino_cottofine-1024x182.png 1024w, https:\/\/www.palagio.it\/wp-content\/uploads\/2024\/09\/sestino_cottofine-768x136.png 768w, https:\/\/www.palagio.it\/wp-content\/uploads\/2024\/09\/sestino_cottofine-1536x273.png 1536w, https:\/\/www.palagio.it\/wp-content\/uploads\/2024\/09\/sestino_cottofine-2048x364.png 2048w\" sizes=\"(max-width: 3466px) 100vw, 3466px\" \/><\/p>\t\t\t\t\t\t<\/div>\n\t\t\t\t<\/div>\n\t\t\t\t<div class=\"elementor-element elementor-element-dfffac elementor-widget elementor-widget-text-editor\" data-id=\"dfffac\" data-element_type=\"widget\" data-widget_type=\"text-editor.default\">\n\t\t\t\t<div class=\"elementor-widget-container\">\n\t\t\t\t\t\t\t<h5 style=\"color: #7a1522;\"><b>Sestino Strada \/ Sestino Strada Antico \/ Tozzetto Strada \/ Tozzetto Strada Antico:<br \/><\/b><\/h5><p>Empoigner la pi\u00e8ce et la frapper sur un morceau de bois ou de caoutchouc rigide inclin\u00e9 \u00e0 45\u00b0<\/p><p><img loading=\"lazy\" decoding=\"async\" class=\"alignnone wp-image-1868 size-full\" src=\"https:\/\/www.palagio.it\/wp-content\/uploads\/2024\/09\/Sestino_strada.png\" alt=\"\" width=\"3466\" height=\"616\" srcset=\"https:\/\/www.palagio.it\/wp-content\/uploads\/2024\/09\/Sestino_strada.png 3466w, https:\/\/www.palagio.it\/wp-content\/uploads\/2024\/09\/Sestino_strada-300x53.png 300w, https:\/\/www.palagio.it\/wp-content\/uploads\/2024\/09\/Sestino_strada-1024x182.png 1024w, https:\/\/www.palagio.it\/wp-content\/uploads\/2024\/09\/Sestino_strada-768x136.png 768w, https:\/\/www.palagio.it\/wp-content\/uploads\/2024\/09\/Sestino_strada-1536x273.png 1536w, https:\/\/www.palagio.it\/wp-content\/uploads\/2024\/09\/Sestino_strada-2048x364.png 2048w\" sizes=\"(max-width: 3466px) 100vw, 3466px\" \/><\/p>\t\t\t\t\t\t<\/div>\n\t\t\t\t<\/div>\n\t\t\t\t<div class=\"elementor-element elementor-element-3e7868ff elementor-widget elementor-widget-text-editor\" data-id=\"3e7868ff\" data-element_type=\"widget\" data-widget_type=\"text-editor.default\">\n\t\t\t\t<div class=\"elementor-widget-container\">\n\t\t\t\t\t\t\t<h5 style=\"color: #7a1522;\"><b>Sestino Greve:<\/b><\/h5><p>Frapper la partie arri\u00e8re du mat\u00e9riel avec un marteau de charpentier le long de la pr\u00e9-incision pour s\u00e9parer les pi\u00e8ces.<\/p><p><img loading=\"lazy\" decoding=\"async\" class=\"alignnone wp-image-1869 size-full\" src=\"https:\/\/www.palagio.it\/wp-content\/uploads\/2024\/09\/Sestino_greve.png\" alt=\"\" width=\"3466\" height=\"616\" srcset=\"https:\/\/www.palagio.it\/wp-content\/uploads\/2024\/09\/Sestino_greve.png 3466w, https:\/\/www.palagio.it\/wp-content\/uploads\/2024\/09\/Sestino_greve-300x53.png 300w, https:\/\/www.palagio.it\/wp-content\/uploads\/2024\/09\/Sestino_greve-1024x182.png 1024w, https:\/\/www.palagio.it\/wp-content\/uploads\/2024\/09\/Sestino_greve-768x136.png 768w, https:\/\/www.palagio.it\/wp-content\/uploads\/2024\/09\/Sestino_greve-1536x273.png 1536w, https:\/\/www.palagio.it\/wp-content\/uploads\/2024\/09\/Sestino_greve-2048x364.png 2048w\" sizes=\"(max-width: 3466px) 100vw, 3466px\" \/><\/p>\t\t\t\t\t\t<\/div>\n\t\t\t\t<\/div>\n\t\t\t\t\t<\/div>\n\t\t<\/div>\n\t\t\t\t\t<\/div>\n\t\t<\/section>\n\t\t\t\t<\/div>\n\t\t","protected":false},"excerpt":{"rendered":"<p>ENTRETIEN Emballages et division du mat\u00e9riel Arrotato Rustico carrelage \u00e0 s\u00e9parer: Empoigner la pi\u00e8ce et la frapper \u00e0 45\u00b0 sur un morceau de bois ou de caoutchouc rigide. Arrotato Rustico carrelage s\u00e9par\u00e9 multiple: Empoigner la pi\u00e8ce et la frapper sur l\u2019ar\u00eate d\u2019un morceau de bois ou de caoutchouc rigide sur l\u2019arri\u00e8re au niveau de la [&hellip;]<\/p>\n","protected":false},"author":1,"featured_media":0,"parent":0,"menu_order":0,"comment_status":"closed","ping_status":"closed","template":"elementor_header_footer","meta":{"_acf_changed":false,"footnotes":""},"class_list":["post-3510","page","type-page","status-publish","hentry"],"acf":[],"_links":{"self":[{"href":"https:\/\/www.palagio.it\/fr\/wp-json\/wp\/v2\/pages\/3510","targetHints":{"allow":["GET"]}}],"collection":[{"href":"https:\/\/www.palagio.it\/fr\/wp-json\/wp\/v2\/pages"}],"about":[{"href":"https:\/\/www.palagio.it\/fr\/wp-json\/wp\/v2\/types\/page"}],"author":[{"embeddable":true,"href":"https:\/\/www.palagio.it\/fr\/wp-json\/wp\/v2\/users\/1"}],"replies":[{"embeddable":true,"href":"https:\/\/www.palagio.it\/fr\/wp-json\/wp\/v2\/comments?post=3510"}],"version-history":[{"count":5,"href":"https:\/\/www.palagio.it\/fr\/wp-json\/wp\/v2\/pages\/3510\/revisions"}],"predecessor-version":[{"id":3718,"href":"https:\/\/www.palagio.it\/fr\/wp-json\/wp\/v2\/pages\/3510\/revisions\/3718"}],"wp:attachment":[{"href":"https:\/\/www.palagio.it\/fr\/wp-json\/wp\/v2\/media?parent=3510"}],"curies":[{"name":"wp","href":"https:\/\/api.w.org\/{rel}","templated":true}]}}