{"id":3499,"date":"2024-04-15T09:17:14","date_gmt":"2024-04-15T09:17:14","guid":{"rendered":"https:\/\/www.palagio.it\/posa\/"},"modified":"2024-09-30T13:25:46","modified_gmt":"2024-09-30T13:25:46","slug":"pose","status":"publish","type":"page","link":"https:\/\/www.palagio.it\/fr\/pose\/","title":{"rendered":"Pose"},"content":{"rendered":"\t\t<div data-elementor-type=\"wp-page\" data-elementor-id=\"3499\" class=\"elementor elementor-3499 elementor-419\" data-elementor-post-type=\"page\">\n\t\t\t\t\t\t<section class=\"elementor-section elementor-top-section elementor-element elementor-element-6fb07da elementor-section-stretched elementor-section-boxed elementor-section-height-default elementor-section-height-default\" data-id=\"6fb07da\" data-element_type=\"section\" data-settings=\"{&quot;background_background&quot;:&quot;classic&quot;,&quot;stretch_section&quot;:&quot;section-stretched&quot;}\">\n\t\t\t\t\t\t<div class=\"elementor-container elementor-column-gap-no\">\n\t\t\t\t\t<div class=\"elementor-column elementor-col-100 elementor-top-column elementor-element elementor-element-3847c44\" data-id=\"3847c44\" data-element_type=\"column\" data-settings=\"{&quot;background_background&quot;:&quot;classic&quot;}\">\n\t\t\t<div class=\"elementor-widget-wrap elementor-element-populated\">\n\t\t\t\t\t\t<div class=\"elementor-element elementor-element-33203ac elementor-widget elementor-widget-text-editor\" data-id=\"33203ac\" data-element_type=\"widget\" data-widget_type=\"text-editor.default\">\n\t\t\t\t<div class=\"elementor-widget-container\">\n\t\t\t\t\t\t\t<p>ENTRETIEN<\/p>\t\t\t\t\t\t<\/div>\n\t\t\t\t<\/div>\n\t\t\t\t<div class=\"elementor-element elementor-element-a739ed5 elementor-widget elementor-widget-heading\" data-id=\"a739ed5\" data-element_type=\"widget\" data-widget_type=\"heading.default\">\n\t\t\t\t<div class=\"elementor-widget-container\">\n\t\t\t<h2 class=\"elementor-heading-title elementor-size-default\">Les syst\u00e8mes de pose<\/h2>\t\t<\/div>\n\t\t\t\t<\/div>\n\t\t\t\t\t<\/div>\n\t\t<\/div>\n\t\t\t\t\t<\/div>\n\t\t<\/section>\n\t\t\t\t<section class=\"elementor-section elementor-top-section elementor-element elementor-element-3ad31a32 elementor-section-height-min-height elementor-section-items-top elementor-section-full_width elementor-section-height-default\" data-id=\"3ad31a32\" data-element_type=\"section\" data-settings=\"{&quot;background_background&quot;:&quot;classic&quot;}\">\n\t\t\t\t\t\t<div class=\"elementor-container elementor-column-gap-no\">\n\t\t\t\t\t<div class=\"elementor-column elementor-col-100 elementor-top-column elementor-element elementor-element-758323f8\" data-id=\"758323f8\" data-element_type=\"column\" data-settings=\"{&quot;background_background&quot;:&quot;classic&quot;}\">\n\t\t\t<div class=\"elementor-widget-wrap elementor-element-populated\">\n\t\t\t\t\t\t<div class=\"elementor-element elementor-element-17856b6b elementor-widget elementor-widget-spacer\" data-id=\"17856b6b\" data-element_type=\"widget\" data-widget_type=\"spacer.default\">\n\t\t\t\t<div class=\"elementor-widget-container\">\n\t\t\t\t\t<div class=\"elementor-spacer\">\n\t\t\t<div class=\"elementor-spacer-inner\"><\/div>\n\t\t<\/div>\n\t\t\t\t<\/div>\n\t\t\t\t<\/div>\n\t\t\t\t\t<\/div>\n\t\t<\/div>\n\t\t\t\t\t<\/div>\n\t\t<\/section>\n\t\t\t\t<section class=\"elementor-section elementor-top-section elementor-element elementor-element-11167501 elementor-section-boxed elementor-section-height-default elementor-section-height-default\" data-id=\"11167501\" data-element_type=\"section\">\n\t\t\t\t\t\t<div class=\"elementor-container elementor-column-gap-no\">\n\t\t\t\t\t<div class=\"elementor-column elementor-col-100 elementor-top-column elementor-element elementor-element-130aae88\" data-id=\"130aae88\" data-element_type=\"column\" data-settings=\"{&quot;background_background&quot;:&quot;classic&quot;}\">\n\t\t\t<div class=\"elementor-widget-wrap elementor-element-populated\">\n\t\t\t\t\t\t<div class=\"elementor-element elementor-element-14480c33 elementor-widget elementor-widget-text-editor\" data-id=\"14480c33\" data-element_type=\"widget\" data-widget_type=\"text-editor.default\">\n\t\t\t\t<div class=\"elementor-widget-container\">\n\t\t\t\t\t\t\t<h5 style=\"color: #7a1522;\">Le Cotto de Il Palagio peut \u00eatre pos\u00e9 avec les syst\u00e8mes suivants:<\/h5><ul><li>COLLAGE, pour COTTOFINE et \u00e9paisseurs uniformes.<\/li><li>CHAPE, sur lit de sable et ciment.<\/li><li>MA\u00c7ONNERIE, pour grands formats et hauteurs. Apr\u00e8s la pose, jointoiement par mortier.<\/li><\/ul><h5 style=\"color: #7a1522;\">AVERTISSEMENTS POUR LA POSE EN EXT\u00c9RIEURS<\/h5><p>Le Cotto Il Palagio est adapt\u00e9 \u00e0 la pose en ext\u00e9rieur car il est garanti et certifi\u00e9 ing\u00e9lif. Toutefois la pose de carreaux en ext\u00e9rieurs doit \u00eatre faite dans le respect de toutes les normes et les r\u00e8gles de l\u2019art car la garantie d\u2019ing\u00e9livit\u00e9 n\u2019emp\u00eache pas les dommages d\u00e9rivants d\u2019une pose mal faite.<\/p>\t\t\t\t\t\t<\/div>\n\t\t\t\t<\/div>\n\t\t\t\t<div class=\"elementor-element elementor-element-2998b5bf elementor-widget elementor-widget-image\" data-id=\"2998b5bf\" data-element_type=\"widget\" data-widget_type=\"image.default\">\n\t\t\t\t<div class=\"elementor-widget-container\">\n\t\t\t\t\t\t\t\t\t\t\t\t\t<img fetchpriority=\"high\" decoding=\"async\" width=\"1536\" height=\"431\" src=\"https:\/\/www.palagio.it\/wp-content\/uploads\/2024\/04\/posa-1536x431.png\" class=\"attachment-1536x1536 size-1536x1536 wp-image-421\" alt=\"\" srcset=\"https:\/\/www.palagio.it\/wp-content\/uploads\/2024\/04\/posa-1536x431.png 1536w, https:\/\/www.palagio.it\/wp-content\/uploads\/2024\/04\/posa-300x84.png 300w, https:\/\/www.palagio.it\/wp-content\/uploads\/2024\/04\/posa-1024x287.png 1024w, https:\/\/www.palagio.it\/wp-content\/uploads\/2024\/04\/posa-768x216.png 768w, https:\/\/www.palagio.it\/wp-content\/uploads\/2024\/04\/posa-2048x575.png 2048w\" sizes=\"(max-width: 1536px) 100vw, 1536px\" \/>\t\t\t\t\t\t\t\t\t\t\t\t\t<\/div>\n\t\t\t\t<\/div>\n\t\t\t\t<div class=\"elementor-element elementor-element-3810fe3b elementor-widget elementor-widget-text-editor\" data-id=\"3810fe3b\" data-element_type=\"widget\" data-widget_type=\"text-editor.default\">\n\t\t\t\t<div class=\"elementor-widget-container\">\n\t\t\t\t\t\t\t<p>Indications regardant la pose en ext\u00e9rieur:<\/p><h5 style=\"color: #7a1522;\">PENTES<\/h5><p>Les pentes doivent \u00eatre effectu\u00e9es en-dessous de la couche d\u2019imperm\u00e9abilisation et peuvent varier dans tous les cas d\u2019un minimum de 1,5 \u2013 2 %. Si les pentes ne sont pas respect\u00e9es, l\u2019eau stagnante sous le sol, avec le gel, peut cr\u00e9er des inconv\u00e9nients qui peuvent donner lieu au soul\u00e8vement du sol ou du lit de pose.<\/p><h5 style=\"color: #7a1522;\">IMPERM\u00c9ABILISATION<\/h5><p>Pour la pose sur dalle, avant de poser le lit, imperm\u00e9abiliser. Le produit utilis\u00e9 sera choisi selon les cas, mais il est indispensable que les eaux d\u2019\u00e9coulement soient d\u00e9vi\u00e9es vers une \u00e9vacuation appropri\u00e9e. Sur la gaine d\u2019imperm\u00e9abilisation, pour cr\u00e9er un drainage correct des eaux, il peut \u00eatre utile de poser une gaine \u00e0 section en queue d\u2019aronde sp\u00e9cialement \u00e9tudi\u00e9e pour cette fonction.\u00a0<\/p><h5 style=\"color: #7a1522;\">COUCHE DE S\u00c9PARATION ET DE COULISSEMENT<\/h5><p>Indispensable pour tous les carrelages avec couche d\u2019imperm\u00e9abilisation, elle peut consister en une simple feuille poly\u00e9thyl\u00e8ne. Elle a la fonction d\u2019emp\u00eacher le contact entre la couche imperm\u00e9abilisante, en g\u00e9n\u00e9ral adh\u00e9rente au lit de pose ou \u00e0 la dalle, et la couche de pose liante (mortier), pour \u00e9viter que suite \u00e0 la diff\u00e9rence des retraits, la couche d\u2019imperm\u00e9abilisant se lac\u00e8re et compromette de fa\u00e7on irr\u00e9m\u00e9diable l\u2019\u00e9tanch\u00e9it\u00e9.\u00a0<\/p><h5 style=\"color: #7a1522;\">JOINTS DE DILATATION\u00a0<\/h5><p>ls servent \u00e0 permettre et compenser les variations dimensionnelles \u00e9ventuelles, et doivent \u00eatre pratiqu\u00e9s dans la structure du b\u00e2timent et celle du carrelage et de son lit de pose. Un joint \u00e9lastique en outre devra \u00eatre pratiqu\u00e9 le long de toutes les parois p\u00e9rim\u00e9trales du sol.<\/p>\t\t\t\t\t\t<\/div>\n\t\t\t\t<\/div>\n\t\t\t\t\t<\/div>\n\t\t<\/div>\n\t\t\t\t\t<\/div>\n\t\t<\/section>\n\t\t\t\t<\/div>\n\t\t","protected":false},"excerpt":{"rendered":"<p>ENTRETIEN Les syst\u00e8mes de pose Le Cotto de Il Palagio peut \u00eatre pos\u00e9 avec les syst\u00e8mes suivants: COLLAGE, pour COTTOFINE et \u00e9paisseurs uniformes. CHAPE, sur lit de sable et ciment. MA\u00c7ONNERIE, pour grands formats et hauteurs. Apr\u00e8s la pose, jointoiement par mortier. AVERTISSEMENTS POUR LA POSE EN EXT\u00c9RIEURS Le Cotto Il Palagio est adapt\u00e9 \u00e0 [&hellip;]<\/p>\n","protected":false},"author":1,"featured_media":0,"parent":0,"menu_order":0,"comment_status":"closed","ping_status":"closed","template":"elementor_header_footer","meta":{"_acf_changed":false,"footnotes":""},"class_list":["post-3499","page","type-page","status-publish","hentry"],"acf":[],"_links":{"self":[{"href":"https:\/\/www.palagio.it\/fr\/wp-json\/wp\/v2\/pages\/3499","targetHints":{"allow":["GET"]}}],"collection":[{"href":"https:\/\/www.palagio.it\/fr\/wp-json\/wp\/v2\/pages"}],"about":[{"href":"https:\/\/www.palagio.it\/fr\/wp-json\/wp\/v2\/types\/page"}],"author":[{"embeddable":true,"href":"https:\/\/www.palagio.it\/fr\/wp-json\/wp\/v2\/users\/1"}],"replies":[{"embeddable":true,"href":"https:\/\/www.palagio.it\/fr\/wp-json\/wp\/v2\/comments?post=3499"}],"version-history":[{"count":8,"href":"https:\/\/www.palagio.it\/fr\/wp-json\/wp\/v2\/pages\/3499\/revisions"}],"predecessor-version":[{"id":3717,"href":"https:\/\/www.palagio.it\/fr\/wp-json\/wp\/v2\/pages\/3499\/revisions\/3717"}],"wp:attachment":[{"href":"https:\/\/www.palagio.it\/fr\/wp-json\/wp\/v2\/media?parent=3499"}],"curies":[{"name":"wp","href":"https:\/\/api.w.org\/{rel}","templated":true}]}}