{"id":3556,"date":"2024-04-15T09:16:24","date_gmt":"2024-04-15T09:16:24","guid":{"rendered":"https:\/\/www.palagio.it\/filosofia-e-valori\/"},"modified":"2024-09-30T09:32:24","modified_gmt":"2024-09-30T09:32:24","slug":"philosophie-und-werte","status":"publish","type":"page","link":"https:\/\/www.palagio.it\/de\/philosophie-und-werte\/","title":{"rendered":"Philosophie und Werte"},"content":{"rendered":"\t\t<div data-elementor-type=\"wp-page\" data-elementor-id=\"3556\" class=\"elementor elementor-3556 elementor-389\" data-elementor-post-type=\"page\">\n\t\t\t\t\t\t<section class=\"elementor-section elementor-top-section elementor-element elementor-element-158f9c9b elementor-section-stretched elementor-section-boxed elementor-section-height-default elementor-section-height-default\" data-id=\"158f9c9b\" data-element_type=\"section\" data-settings=\"{&quot;background_background&quot;:&quot;classic&quot;,&quot;background_motion_fx_motion_fx_scrolling&quot;:&quot;yes&quot;,&quot;stretch_section&quot;:&quot;section-stretched&quot;,&quot;background_motion_fx_devices&quot;:[&quot;desktop&quot;,&quot;tablet&quot;,&quot;mobile&quot;]}\">\n\t\t\t\t\t\t\t<div class=\"elementor-background-overlay\"><\/div>\n\t\t\t\t\t\t\t<div class=\"elementor-container elementor-column-gap-default\">\n\t\t\t\t\t<div class=\"elementor-column elementor-col-100 elementor-top-column elementor-element elementor-element-53768c37\" data-id=\"53768c37\" data-element_type=\"column\">\n\t\t\t<div class=\"elementor-widget-wrap elementor-element-populated\">\n\t\t\t\t\t\t<div class=\"elementor-element elementor-element-74caf26c elementor-widget elementor-widget-text-editor\" data-id=\"74caf26c\" data-element_type=\"widget\" data-widget_type=\"text-editor.default\">\n\t\t\t\t<div class=\"elementor-widget-container\">\n\t\t\t\t\t\t\t<p>WER WIND SIND<\/p>\t\t\t\t\t\t<\/div>\n\t\t\t\t<\/div>\n\t\t\t\t<div class=\"elementor-element elementor-element-4e0a6d8e elementor-widget elementor-widget-heading\" data-id=\"4e0a6d8e\" data-element_type=\"widget\" data-widget_type=\"heading.default\">\n\t\t\t\t<div class=\"elementor-widget-container\">\n\t\t\t<h2 class=\"elementor-heading-title elementor-size-default\">Philosophie und Werte\n<\/h2>\t\t<\/div>\n\t\t\t\t<\/div>\n\t\t\t\t\t<\/div>\n\t\t<\/div>\n\t\t\t\t\t<\/div>\n\t\t<\/section>\n\t\t\t\t<section class=\"elementor-section elementor-top-section elementor-element elementor-element-286a4c95 elementor-section-full_width elementor-section-stretched elementor-section-height-default elementor-section-height-default\" data-id=\"286a4c95\" data-element_type=\"section\" data-settings=\"{&quot;stretch_section&quot;:&quot;section-stretched&quot;}\">\n\t\t\t\t\t\t<div class=\"elementor-container elementor-column-gap-no\">\n\t\t\t\t\t<div class=\"elementor-column elementor-col-100 elementor-top-column elementor-element elementor-element-567216bf\" data-id=\"567216bf\" data-element_type=\"column\" data-settings=\"{&quot;background_background&quot;:&quot;classic&quot;}\">\n\t\t\t<div class=\"elementor-widget-wrap\">\n\t\t\t\t\t\t\t<\/div>\n\t\t<\/div>\n\t\t\t\t\t<\/div>\n\t\t<\/section>\n\t\t\t\t<section class=\"elementor-section elementor-top-section elementor-element elementor-element-49a69e94 elementor-section-stretched elementor-section-boxed elementor-section-height-default elementor-section-height-default\" data-id=\"49a69e94\" data-element_type=\"section\" data-settings=\"{&quot;stretch_section&quot;:&quot;section-stretched&quot;}\">\n\t\t\t\t\t\t<div class=\"elementor-container elementor-column-gap-no\">\n\t\t\t\t\t<div class=\"elementor-column elementor-col-50 elementor-top-column elementor-element elementor-element-115a3df5\" data-id=\"115a3df5\" data-element_type=\"column\" data-settings=\"{&quot;background_background&quot;:&quot;classic&quot;}\">\n\t\t\t<div class=\"elementor-widget-wrap elementor-element-populated\">\n\t\t\t\t\t\t<div class=\"elementor-element elementor-element-7f45418b elementor-widget elementor-widget-heading\" data-id=\"7f45418b\" data-element_type=\"widget\" data-widget_type=\"heading.default\">\n\t\t\t\t<div class=\"elementor-widget-container\">\n\t\t\t<h2 class=\"elementor-heading-title elementor-size-default\">AUTHENTISCHER STIL<\/h2>\t\t<\/div>\n\t\t\t\t<\/div>\n\t\t\t\t\t<\/div>\n\t\t<\/div>\n\t\t\t\t<div class=\"elementor-column elementor-col-50 elementor-top-column elementor-element elementor-element-b97cdc3\" data-id=\"b97cdc3\" data-element_type=\"column\" data-settings=\"{&quot;background_background&quot;:&quot;classic&quot;}\">\n\t\t\t<div class=\"elementor-widget-wrap elementor-element-populated\">\n\t\t\t\t\t\t<div class=\"elementor-element elementor-element-72553b1 elementor-widget__width-initial elementor-widget elementor-widget-heading\" data-id=\"72553b1\" data-element_type=\"widget\" data-widget_type=\"heading.default\">\n\t\t\t\t<div class=\"elementor-widget-container\">\n\t\t\t<div class=\"elementor-heading-title elementor-size-default\">Ein Erbe<br\/> von Charme und W\u00e4rme<\/div>\t\t<\/div>\n\t\t\t\t<\/div>\n\t\t\t\t<div class=\"elementor-element elementor-element-711579f8 elementor-widget__width-initial elementor-widget elementor-widget-text-editor\" data-id=\"711579f8\" data-element_type=\"widget\" data-widget_type=\"text-editor.default\">\n\t\t\t\t<div class=\"elementor-widget-container\">\n\t\t\t\t\t\t\t<p>Der Cotto imprunetino von Il Palagio wird aus einem einzigartigen Ton hergestellt, der durch einen geschickten und nat\u00fcrlichen Bearbeitungsprozess, der jahrhundertealte Methoden und modernste Technologie miteinander verbindet, zu hochgesch\u00e4tzten Formen und Verkleidungen geformt wird. Dieses f\u00fcr seine H\u00e4rte und Widerstandsf\u00e4higkeit bekannte Material hat eine warme und lebendige Farbe, Symbol einer unaufl\u00f6slichen Verbindung mit dem Land der Toskana. Es wird in Formaten und St\u00e4rken hergestellt, die f\u00fcr jede Umgebung und jeden Stil geeignet sind, und bietet vielseitige Anwendungsl\u00f6sungen, die von klassisch bis modern reichen.<\/p>\t\t\t\t\t\t<\/div>\n\t\t\t\t<\/div>\n\t\t\t\t\t<\/div>\n\t\t<\/div>\n\t\t\t\t\t<\/div>\n\t\t<\/section>\n\t\t\t\t<section class=\"elementor-section elementor-top-section elementor-element elementor-element-1a9677d elementor-reverse-mobile elementor-section-stretched elementor-section-boxed elementor-section-height-default elementor-section-height-default\" data-id=\"1a9677d\" data-element_type=\"section\" data-settings=\"{&quot;stretch_section&quot;:&quot;section-stretched&quot;}\">\n\t\t\t\t\t\t<div class=\"elementor-container elementor-column-gap-no\">\n\t\t\t\t\t<div class=\"elementor-column elementor-col-50 elementor-top-column elementor-element elementor-element-5fc72f19\" data-id=\"5fc72f19\" data-element_type=\"column\" data-settings=\"{&quot;background_background&quot;:&quot;classic&quot;}\">\n\t\t\t<div class=\"elementor-widget-wrap elementor-element-populated\">\n\t\t\t\t\t\t<div class=\"elementor-element elementor-element-5ac0083c elementor-widget elementor-widget-heading\" data-id=\"5ac0083c\" data-element_type=\"widget\" data-widget_type=\"heading.default\">\n\t\t\t\t<div class=\"elementor-widget-container\">\n\t\t\t<div class=\"elementor-heading-title elementor-size-default\">Nachhaltigkeit und Sch\u00f6nheit<br\/>Dauerhaftigkeit  <\/div>\t\t<\/div>\n\t\t\t\t<\/div>\n\t\t\t\t<div class=\"elementor-element elementor-element-5d3f1815 elementor-widget__width-initial elementor-widget elementor-widget-text-editor\" data-id=\"5d3f1815\" data-element_type=\"widget\" data-widget_type=\"text-editor.default\">\n\t\t\t\t<div class=\"elementor-widget-container\">\n\t\t\t\t\t\t\t<p>Im Steinbruch Il Palagio, der sich in einem historischen H\u00fcgelgebiet befindet, das vor 350 Millionen Jahren entstand, wird weiterhin der ber\u00fchmte Impruneta-Ton abgebaut. Hier wird die Umwelt durch den Einsatz von Techniken, die eine minimale Invasivit\u00e4t garantieren, respektiert und aufgewertet. Die nat\u00fcrliche Sch\u00f6nheit und die hervorragende Qualit\u00e4t unseres Cotto werden durch ein st\u00e4ndiges Engagement in der Forschung und durch den Einsatz technologisch fortschrittlicher L\u00f6sungen gew\u00e4hrleistet.<\/p>\t\t\t\t\t\t<\/div>\n\t\t\t\t<\/div>\n\t\t\t\t\t<\/div>\n\t\t<\/div>\n\t\t\t\t<div class=\"elementor-column elementor-col-50 elementor-top-column elementor-element elementor-element-33397f9d\" data-id=\"33397f9d\" data-element_type=\"column\" data-settings=\"{&quot;background_background&quot;:&quot;classic&quot;}\">\n\t\t\t<div class=\"elementor-widget-wrap elementor-element-populated\">\n\t\t\t\t\t\t<div class=\"elementor-element elementor-element-45f89fa1 elementor-widget elementor-widget-heading\" data-id=\"45f89fa1\" data-element_type=\"widget\" data-widget_type=\"heading.default\">\n\t\t\t\t<div class=\"elementor-widget-container\">\n\t\t\t<h2 class=\"elementor-heading-title elementor-size-default\">NAT\u00dcRLICHE QUALIT\u00c4T<\/h2>\t\t<\/div>\n\t\t\t\t<\/div>\n\t\t\t\t\t<\/div>\n\t\t<\/div>\n\t\t\t\t\t<\/div>\n\t\t<\/section>\n\t\t\t\t<section class=\"elementor-section elementor-top-section elementor-element elementor-element-67b9ada3 elementor-section-stretched elementor-section-boxed elementor-section-height-default elementor-section-height-default\" data-id=\"67b9ada3\" data-element_type=\"section\" data-settings=\"{&quot;stretch_section&quot;:&quot;section-stretched&quot;}\">\n\t\t\t\t\t\t<div class=\"elementor-container elementor-column-gap-no\">\n\t\t\t\t\t<div class=\"elementor-column elementor-col-50 elementor-top-column elementor-element elementor-element-71e4ae8e\" data-id=\"71e4ae8e\" data-element_type=\"column\" data-settings=\"{&quot;background_background&quot;:&quot;classic&quot;}\">\n\t\t\t<div class=\"elementor-widget-wrap elementor-element-populated\">\n\t\t\t\t\t\t<div class=\"elementor-element elementor-element-4b29372 elementor-widget elementor-widget-heading\" data-id=\"4b29372\" data-element_type=\"widget\" data-widget_type=\"heading.default\">\n\t\t\t\t<div class=\"elementor-widget-container\">\n\t\t\t<h2 class=\"elementor-heading-title elementor-size-default\">TECHNOLOGIE<\/h2>\t\t<\/div>\n\t\t\t\t<\/div>\n\t\t\t\t\t<\/div>\n\t\t<\/div>\n\t\t\t\t<div class=\"elementor-column elementor-col-50 elementor-top-column elementor-element elementor-element-12227942\" data-id=\"12227942\" data-element_type=\"column\" data-settings=\"{&quot;background_background&quot;:&quot;classic&quot;}\">\n\t\t\t<div class=\"elementor-widget-wrap elementor-element-populated\">\n\t\t\t\t\t\t<div class=\"elementor-element elementor-element-74d617a2 elementor-widget__width-initial elementor-widget elementor-widget-heading\" data-id=\"74d617a2\" data-element_type=\"widget\" data-widget_type=\"heading.default\">\n\t\t\t\t<div class=\"elementor-widget-container\">\n\t\t\t<div class=\"elementor-heading-title elementor-size-default\">Innovation und Forschung:<br\/>Die Zukunft von Cotto<\/div>\t\t<\/div>\n\t\t\t\t<\/div>\n\t\t\t\t<div class=\"elementor-element elementor-element-2585e33b elementor-widget__width-initial elementor-widget elementor-widget-text-editor\" data-id=\"2585e33b\" data-element_type=\"widget\" data-widget_type=\"text-editor.default\">\n\t\t\t\t<div class=\"elementor-widget-container\">\n\t\t\t\t\t\t\t<p>Jede Phase des Produktionsprozesses, von der Auswahl des Rohmaterials bis zum letzten Brennvorgang, wird mit dem Fokus auf Qualit\u00e4t und Effizienz durchgef\u00fchrt. Mit den von Il Palagio angebotenen Kollektionen verwandelt Impruneta cotto jeden Raum und verbindet dabei traditionellen Charme mit moderner Anziehungskraft. Die stilistischen L\u00f6sungen sind innovativ in der Substanz mit einem Charme, der jeden Raum unverwechselbar, einfach und modern macht.<\/p>\t\t\t\t\t\t<\/div>\n\t\t\t\t<\/div>\n\t\t\t\t\t<\/div>\n\t\t<\/div>\n\t\t\t\t\t<\/div>\n\t\t<\/section>\n\t\t<div class=\"elementor-element elementor-element-dda7f49 e-con-full e-flex e-con e-parent\" data-id=\"dda7f49\" data-element_type=\"container\">\n\t\t<div class=\"elementor-element elementor-element-57db9354 e-con-full e-flex e-con e-child\" data-id=\"57db9354\" data-element_type=\"container\" data-settings=\"{&quot;background_background&quot;:&quot;classic&quot;}\">\n\t\t\t\t<\/div>\n\t\t<div class=\"elementor-element elementor-element-566a8ee6 e-con-full e-flex e-con e-child\" data-id=\"566a8ee6\" data-element_type=\"container\">\n\t\t\t\t<div class=\"elementor-element elementor-element-32d9e1b4 elementor-invisible elementor-widget elementor-widget-heading\" data-id=\"32d9e1b4\" data-element_type=\"widget\" data-settings=\"{&quot;_animation&quot;:&quot;fadeInDown&quot;}\" data-widget_type=\"heading.default\">\n\t\t\t\t<div class=\"elementor-widget-container\">\n\t\t\t<h4 class=\"elementor-heading-title elementor-size-default\">DIE ZUKUNFT <br>\nIST GESCHRIEBEN <br>\nIM LAND <br>\nVON TUSCANY <br>\nHIER STYLE, <br>\nDESIGN <br>\nUND NATUR <br>\nSCHAFFEN SIE <br>\nNEUE R\u00c4UME <br><\/h4>\t\t<\/div>\n\t\t\t\t<\/div>\n\t\t\t\t<\/div>\n\t\t<div class=\"elementor-element elementor-element-67e8872 e-con-full e-flex e-con e-child\" data-id=\"67e8872\" data-element_type=\"container\" data-settings=\"{&quot;background_background&quot;:&quot;classic&quot;}\">\n\t\t\t\t<\/div>\n\t\t\t\t<\/div>\n\t\t\t\t<section class=\"elementor-section elementor-top-section elementor-element elementor-element-71d37afc elementor-reverse-mobile elementor-section-stretched elementor-section-boxed elementor-section-height-default elementor-section-height-default\" data-id=\"71d37afc\" data-element_type=\"section\" data-settings=\"{&quot;stretch_section&quot;:&quot;section-stretched&quot;}\">\n\t\t\t\t\t\t<div class=\"elementor-container elementor-column-gap-no\">\n\t\t\t\t\t<div class=\"elementor-column elementor-col-50 elementor-top-column elementor-element elementor-element-5c6e8b6b\" data-id=\"5c6e8b6b\" data-element_type=\"column\" data-settings=\"{&quot;background_background&quot;:&quot;classic&quot;}\">\n\t\t\t<div class=\"elementor-widget-wrap elementor-element-populated\">\n\t\t\t\t\t\t<div class=\"elementor-element elementor-element-26f0ff99 elementor-widget elementor-widget-heading\" data-id=\"26f0ff99\" data-element_type=\"widget\" data-widget_type=\"heading.default\">\n\t\t\t\t<div class=\"elementor-widget-container\">\n\t\t\t<div class=\"elementor-heading-title elementor-size-default\">Das breite Angebot<br\/>von Il Palagio<\/div>\t\t<\/div>\n\t\t\t\t<\/div>\n\t\t\t\t<div class=\"elementor-element elementor-element-387a556b elementor-widget__width-initial elementor-widget elementor-widget-text-editor\" data-id=\"387a556b\" data-element_type=\"widget\" data-widget_type=\"text-editor.default\">\n\t\t\t\t<div class=\"elementor-widget-container\">\n\t\t\t\t\t\t\t<p>Il Palagio bietet eine vielseitige Kollektion, die sich f\u00fcr jede Art von Umgebung eignet. Ob im Innen- oder Au\u00dfenbereich, unsere Produkte passen sich perfekt an die verschiedenen Bed\u00fcrfnisse an und vereinen Stil und Zweckm\u00e4\u00dfigkeit.<\/p>\n<p>Die L\u00f6sungen in verschiedenen Formaten und St\u00e4rken verwandeln sowohl Arbeits- als auch Wohnr\u00e4ume in einladende, raffinierte und funktionale Umgebungen, die ihr \u00e4sthetisches Potenzial voll entfalten.<br \/>Das Angebot umfasst auch elegante und stilvolle L\u00f6sungen f\u00fcr \u00f6ffentliche R\u00e4ume.<\/p>\t\t\t\t\t\t<\/div>\n\t\t\t\t<\/div>\n\t\t\t\t\t<\/div>\n\t\t<\/div>\n\t\t\t\t<div class=\"elementor-column elementor-col-50 elementor-top-column elementor-element elementor-element-b3eeb8b\" data-id=\"b3eeb8b\" data-element_type=\"column\" data-settings=\"{&quot;background_background&quot;:&quot;classic&quot;}\">\n\t\t\t<div class=\"elementor-widget-wrap elementor-element-populated\">\n\t\t\t\t\t\t<div class=\"elementor-element elementor-element-33747ad3 elementor-widget elementor-widget-heading\" data-id=\"33747ad3\" data-element_type=\"widget\" data-widget_type=\"heading.default\">\n\t\t\t\t<div class=\"elementor-widget-container\">\n\t\t\t<h2 class=\"elementor-heading-title elementor-size-default\">ELEGANZ <br>\nUND VIELSEITIGKEIT<\/h2>\t\t<\/div>\n\t\t\t\t<\/div>\n\t\t\t\t\t<\/div>\n\t\t<\/div>\n\t\t\t\t\t<\/div>\n\t\t<\/section>\n\t\t\t\t<\/div>\n\t\t","protected":false},"excerpt":{"rendered":"<p>WER WIND SIND Philosophie und Werte AUTHENTISCHER STIL Ein Erbe von Charme und W\u00e4rme Der Cotto imprunetino von Il Palagio wird aus einem einzigartigen Ton hergestellt, der durch einen geschickten und nat\u00fcrlichen Bearbeitungsprozess, der jahrhundertealte Methoden und modernste Technologie miteinander verbindet, zu hochgesch\u00e4tzten Formen und Verkleidungen geformt wird. Dieses f\u00fcr seine H\u00e4rte und Widerstandsf\u00e4higkeit bekannte [&hellip;]<\/p>\n","protected":false},"author":1,"featured_media":0,"parent":0,"menu_order":0,"comment_status":"closed","ping_status":"closed","template":"elementor_header_footer","meta":{"_acf_changed":false,"footnotes":""},"class_list":["post-3556","page","type-page","status-publish","hentry"],"acf":[],"_links":{"self":[{"href":"https:\/\/www.palagio.it\/de\/wp-json\/wp\/v2\/pages\/3556","targetHints":{"allow":["GET"]}}],"collection":[{"href":"https:\/\/www.palagio.it\/de\/wp-json\/wp\/v2\/pages"}],"about":[{"href":"https:\/\/www.palagio.it\/de\/wp-json\/wp\/v2\/types\/page"}],"author":[{"embeddable":true,"href":"https:\/\/www.palagio.it\/de\/wp-json\/wp\/v2\/users\/1"}],"replies":[{"embeddable":true,"href":"https:\/\/www.palagio.it\/de\/wp-json\/wp\/v2\/comments?post=3556"}],"version-history":[{"count":7,"href":"https:\/\/www.palagio.it\/de\/wp-json\/wp\/v2\/pages\/3556\/revisions"}],"predecessor-version":[{"id":3571,"href":"https:\/\/www.palagio.it\/de\/wp-json\/wp\/v2\/pages\/3556\/revisions\/3571"}],"wp:attachment":[{"href":"https:\/\/www.palagio.it\/de\/wp-json\/wp\/v2\/media?parent=3556"}],"curies":[{"name":"wp","href":"https:\/\/api.w.org\/{rel}","templated":true}]}}