{"id":3544,"date":"2024-04-15T09:16:48","date_gmt":"2024-04-15T09:16:48","guid":{"rendered":"https:\/\/www.palagio.it\/sostenibilita-totale\/"},"modified":"2024-09-30T09:00:58","modified_gmt":"2024-09-30T09:00:58","slug":"totale-nachhaltigkeit","status":"publish","type":"page","link":"https:\/\/www.palagio.it\/de\/totale-nachhaltigkeit\/","title":{"rendered":"Totale Nachhaltigkeit"},"content":{"rendered":"\t\t<div data-elementor-type=\"wp-page\" data-elementor-id=\"3544\" class=\"elementor elementor-3544 elementor-401\" data-elementor-post-type=\"page\">\n\t\t\t\t\t\t<section class=\"elementor-section elementor-top-section elementor-element elementor-element-c90f5a0 elementor-section-boxed elementor-section-height-default elementor-section-height-default\" data-id=\"c90f5a0\" data-element_type=\"section\" data-settings=\"{&quot;background_background&quot;:&quot;classic&quot;,&quot;background_motion_fx_motion_fx_scrolling&quot;:&quot;yes&quot;,&quot;background_motion_fx_devices&quot;:[&quot;desktop&quot;,&quot;tablet&quot;,&quot;mobile&quot;]}\">\n\t\t\t\t\t\t\t<div class=\"elementor-background-overlay\"><\/div>\n\t\t\t\t\t\t\t<div class=\"elementor-container elementor-column-gap-default\">\n\t\t\t\t\t<div class=\"elementor-column elementor-col-100 elementor-top-column elementor-element elementor-element-190c67b8\" data-id=\"190c67b8\" data-element_type=\"column\">\n\t\t\t<div class=\"elementor-widget-wrap elementor-element-populated\">\n\t\t\t\t\t\t<div class=\"elementor-element elementor-element-7e985564 elementor-widget elementor-widget-heading\" data-id=\"7e985564\" data-element_type=\"widget\" data-widget_type=\"heading.default\">\n\t\t\t\t<div class=\"elementor-widget-container\">\n\t\t\t<h2 class=\"elementor-heading-title elementor-size-default\">Totale Nachhaltigkeit\n<\/h2>\t\t<\/div>\n\t\t\t\t<\/div>\n\t\t\t\t\t<\/div>\n\t\t<\/div>\n\t\t\t\t\t<\/div>\n\t\t<\/section>\n\t\t\t\t<section class=\"elementor-section elementor-top-section elementor-element elementor-element-18e1d38d elementor-section-full_width elementor-section-height-default elementor-section-height-default\" data-id=\"18e1d38d\" data-element_type=\"section\">\n\t\t\t\t\t\t<div class=\"elementor-container elementor-column-gap-no\">\n\t\t\t\t\t<div class=\"elementor-column elementor-col-100 elementor-top-column elementor-element elementor-element-6821ac81\" data-id=\"6821ac81\" data-element_type=\"column\" data-settings=\"{&quot;background_background&quot;:&quot;classic&quot;}\">\n\t\t\t<div class=\"elementor-widget-wrap elementor-element-populated\">\n\t\t\t\t\t\t<div class=\"elementor-element elementor-element-5fe8241e elementor-widget elementor-widget-text-editor\" data-id=\"5fe8241e\" data-element_type=\"widget\" data-widget_type=\"text-editor.default\">\n\t\t\t\t<div class=\"elementor-widget-container\">\n\t\t\t\t\t\t\t<p style=\"text-align: center;\">IN RICHTUNG ZUKUNFT, UNSER PROJEKT F\u00dcR EINEN NACHHALTIGEN STIL<\/p>\t\t\t\t\t\t<\/div>\n\t\t\t\t<\/div>\n\t\t\t\t\t<\/div>\n\t\t<\/div>\n\t\t\t\t\t<\/div>\n\t\t<\/section>\n\t\t\t\t<section class=\"elementor-section elementor-top-section elementor-element elementor-element-42896313 elementor-section-stretched elementor-section-boxed elementor-section-height-default elementor-section-height-default\" data-id=\"42896313\" data-element_type=\"section\" data-settings=\"{&quot;stretch_section&quot;:&quot;section-stretched&quot;}\">\n\t\t\t\t\t\t<div class=\"elementor-container elementor-column-gap-no\">\n\t\t\t\t\t<div class=\"elementor-column elementor-col-50 elementor-top-column elementor-element elementor-element-42b9a815\" data-id=\"42b9a815\" data-element_type=\"column\" data-settings=\"{&quot;background_background&quot;:&quot;classic&quot;}\">\n\t\t\t<div class=\"elementor-widget-wrap elementor-element-populated\">\n\t\t\t\t\t\t<div class=\"elementor-element elementor-element-393c0070 elementor-widget elementor-widget-heading\" data-id=\"393c0070\" data-element_type=\"widget\" data-widget_type=\"heading.default\">\n\t\t\t\t<div class=\"elementor-widget-container\">\n\t\t\t<h2 class=\"elementor-heading-title elementor-size-default\">NUR NATUR<\/h2>\t\t<\/div>\n\t\t\t\t<\/div>\n\t\t\t\t\t<\/div>\n\t\t<\/div>\n\t\t\t\t<div class=\"elementor-column elementor-col-50 elementor-top-column elementor-element elementor-element-501e0fff\" data-id=\"501e0fff\" data-element_type=\"column\" data-settings=\"{&quot;background_background&quot;:&quot;classic&quot;}\">\n\t\t\t<div class=\"elementor-widget-wrap elementor-element-populated\">\n\t\t\t\t\t\t<div class=\"elementor-element elementor-element-64763eb2 elementor-widget elementor-widget-spacer\" data-id=\"64763eb2\" data-element_type=\"widget\" data-widget_type=\"spacer.default\">\n\t\t\t\t<div class=\"elementor-widget-container\">\n\t\t\t\t\t<div class=\"elementor-spacer\">\n\t\t\t<div class=\"elementor-spacer-inner\"><\/div>\n\t\t<\/div>\n\t\t\t\t<\/div>\n\t\t\t\t<\/div>\n\t\t\t\t<div class=\"elementor-element elementor-element-786d4a5f elementor-widget__width-initial elementor-widget elementor-widget-heading\" data-id=\"786d4a5f\" data-element_type=\"widget\" data-widget_type=\"heading.default\">\n\t\t\t\t<div class=\"elementor-widget-container\">\n\t\t\t<div class=\"elementor-heading-title elementor-size-default\">Die nachhaltige Entwicklung steht im Mittelpunkt unserer Entscheidungen<\/div>\t\t<\/div>\n\t\t\t\t<\/div>\n\t\t\t\t<div class=\"elementor-element elementor-element-53b98622 elementor-widget__width-initial elementor-widget elementor-widget-text-editor\" data-id=\"53b98622\" data-element_type=\"widget\" data-widget_type=\"text-editor.default\">\n\t\t\t\t<div class=\"elementor-widget-container\">\n\t\t\t\t\t\t\t<p>Wir verwenden ausschlie\u00dflich nat\u00fcrliche Rohstoffe und legen den Schwerpunkt auf die Kreislaufwirtschaft. Unsere Produktion ist ein Beispiel f\u00fcr Nachhaltigkeit: keine Emissionen in die Atmosph\u00e4re, saubere Energie f\u00fcr jeden Prozess, Abfallvermeidung und Abfallrecycling. Selbst das Wasser, das wir verwenden, wird durch ein ausgekl\u00fcgeltes Reinigungssystem aufbereitet und wiederverwendet, wodurch die Entnahme aus den Grundwasserleitern drastisch reduziert wird.<br \/>Die Steinbruchgebiete werden nach Beendigung des Abbaus nicht aufgegeben, sondern in ein Projekt zur Wiederherstellung der Umwelt einbezogen und in in die Landschaft integrierte H\u00e4nge verwandelt.<\/p>\t\t\t\t\t\t<\/div>\n\t\t\t\t<\/div>\n\t\t\t\t\t<\/div>\n\t\t<\/div>\n\t\t\t\t\t<\/div>\n\t\t<\/section>\n\t\t\t\t<section class=\"elementor-section elementor-top-section elementor-element elementor-element-3e713a4d elementor-section-stretched elementor-section-boxed elementor-section-height-default elementor-section-height-default\" data-id=\"3e713a4d\" data-element_type=\"section\" data-settings=\"{&quot;stretch_section&quot;:&quot;section-stretched&quot;}\">\n\t\t\t\t\t\t<div class=\"elementor-container elementor-column-gap-no\">\n\t\t\t\t\t<div class=\"elementor-column elementor-col-50 elementor-top-column elementor-element elementor-element-15ad3cf2\" data-id=\"15ad3cf2\" data-element_type=\"column\" data-settings=\"{&quot;background_background&quot;:&quot;classic&quot;}\">\n\t\t\t<div class=\"elementor-widget-wrap elementor-element-populated\">\n\t\t\t\t\t\t<div class=\"elementor-element elementor-element-2884438e elementor-widget elementor-widget-heading\" data-id=\"2884438e\" data-element_type=\"widget\" data-widget_type=\"heading.default\">\n\t\t\t\t<div class=\"elementor-widget-container\">\n\t\t\t<div class=\"elementor-heading-title elementor-size-default\">Unser Produkt<br>ist null km<\/div>\t\t<\/div>\n\t\t\t\t<\/div>\n\t\t\t\t<div class=\"elementor-element elementor-element-5d68bf4c elementor-widget__width-initial elementor-widget elementor-widget-text-editor\" data-id=\"5d68bf4c\" data-element_type=\"widget\" data-widget_type=\"text-editor.default\">\n\t\t\t\t<div class=\"elementor-widget-container\">\n\t\t\t\t\t\t\t<p>Das Rohmaterial kommt direkt aus dem Steinbruch in unmittelbarer N\u00e4he der Produktionsst\u00e4tte.<\/p>\n<p>Wir setzen auf Energieeffizienz: Unser Brennprozess wird mit Methangas betrieben, was die CO2-Emissionen reduziert.<\/p>\n<p>Im Einklang mit der toskanischen Tradition verpflichtet sich die Terrakotta von Il Palagio, die Umwelt so wenig wie m\u00f6glich zu belasten und nur bei der Verlegung der Boden- und Wandfliesen Spuren zu hinterlassen.<\/p>\t\t\t\t\t\t<\/div>\n\t\t\t\t<\/div>\n\t\t\t\t\t<\/div>\n\t\t<\/div>\n\t\t\t\t<div class=\"elementor-column elementor-col-50 elementor-top-column elementor-element elementor-element-6a2a0502\" data-id=\"6a2a0502\" data-element_type=\"column\" data-settings=\"{&quot;background_background&quot;:&quot;classic&quot;}\">\n\t\t\t<div class=\"elementor-widget-wrap elementor-element-populated\">\n\t\t\t\t\t\t<div class=\"elementor-element elementor-element-8c20d75 elementor-widget elementor-widget-heading\" data-id=\"8c20d75\" data-element_type=\"widget\" data-widget_type=\"heading.default\">\n\t\t\t\t<div class=\"elementor-widget-container\">\n\t\t\t<h2 class=\"elementor-heading-title elementor-size-default\">GR\u00dcNE ZUKUNFT<\/h2>\t\t<\/div>\n\t\t\t\t<\/div>\n\t\t\t\t\t<\/div>\n\t\t<\/div>\n\t\t\t\t\t<\/div>\n\t\t<\/section>\n\t\t\t\t<section class=\"elementor-section elementor-top-section elementor-element elementor-element-598342d1 elementor-section-stretched elementor-section-boxed elementor-section-height-default elementor-section-height-default\" data-id=\"598342d1\" data-element_type=\"section\" data-settings=\"{&quot;stretch_section&quot;:&quot;section-stretched&quot;}\">\n\t\t\t\t\t\t<div class=\"elementor-container elementor-column-gap-no\">\n\t\t\t\t\t<div class=\"elementor-column elementor-col-50 elementor-top-column elementor-element elementor-element-4cfa0f55\" data-id=\"4cfa0f55\" data-element_type=\"column\" data-settings=\"{&quot;background_background&quot;:&quot;classic&quot;}\">\n\t\t\t<div class=\"elementor-widget-wrap elementor-element-populated\">\n\t\t\t\t\t\t<div class=\"elementor-element elementor-element-3d993f5a elementor-widget elementor-widget-heading\" data-id=\"3d993f5a\" data-element_type=\"widget\" data-widget_type=\"heading.default\">\n\t\t\t\t<div class=\"elementor-widget-container\">\n\t\t\t<h2 class=\"elementor-heading-title elementor-size-default\">NAT\u00dcRLICH ERNEUERBAR<\/h2>\t\t<\/div>\n\t\t\t\t<\/div>\n\t\t\t\t\t<\/div>\n\t\t<\/div>\n\t\t\t\t<div class=\"elementor-column elementor-col-50 elementor-top-column elementor-element elementor-element-583663d3\" data-id=\"583663d3\" data-element_type=\"column\" data-settings=\"{&quot;background_background&quot;:&quot;classic&quot;}\">\n\t\t\t<div class=\"elementor-widget-wrap elementor-element-populated\">\n\t\t\t\t\t\t<div class=\"elementor-element elementor-element-5d971a97 elementor-widget__width-initial elementor-widget elementor-widget-heading\" data-id=\"5d971a97\" data-element_type=\"widget\" data-widget_type=\"heading.default\">\n\t\t\t\t<div class=\"elementor-widget-container\">\n\t\t\t<div class=\"elementor-heading-title elementor-size-default\">Terrakotta ist langlebig<br\/> und immer wieder neu<\/div>\t\t<\/div>\n\t\t\t\t<\/div>\n\t\t\t\t<div class=\"elementor-element elementor-element-66dc0e1e elementor-widget__width-initial elementor-widget elementor-widget-text-editor\" data-id=\"66dc0e1e\" data-element_type=\"widget\" data-widget_type=\"text-editor.default\">\n\t\t\t\t<div class=\"elementor-widget-container\">\n\t\t\t\t\t\t\t<p>Terrakotta l\u00e4sst sich leicht regenerieren und erzeugt keine Abf\u00e4lle: Alle Verarbeitungsabf\u00e4lle werden in unserem Produktionszyklus wiederverwendet und tragen so zur Minimierung der Umweltbelastung bei.<\/p>\n<p>Das von uns verwendete Wasser wird durch ein ausgekl\u00fcgeltes Reinigungssystem aufbereitet und recycelt, wodurch die Entnahme von Grundwasser und die Abfallmenge drastisch reduziert werden; alles wird in neue Energie f\u00fcr eine sauberere, gr\u00fcnere Zukunft umgewandelt.<\/p>\t\t\t\t\t\t<\/div>\n\t\t\t\t<\/div>\n\t\t\t\t\t<\/div>\n\t\t<\/div>\n\t\t\t\t\t<\/div>\n\t\t<\/section>\n\t\t\t\t<\/div>\n\t\t","protected":false},"excerpt":{"rendered":"<p>Totale Nachhaltigkeit IN RICHTUNG ZUKUNFT, UNSER PROJEKT F\u00dcR EINEN NACHHALTIGEN STIL NUR NATUR Die nachhaltige Entwicklung steht im Mittelpunkt unserer Entscheidungen Wir verwenden ausschlie\u00dflich nat\u00fcrliche Rohstoffe und legen den Schwerpunkt auf die Kreislaufwirtschaft. Unsere Produktion ist ein Beispiel f\u00fcr Nachhaltigkeit: keine Emissionen in die Atmosph\u00e4re, saubere Energie f\u00fcr jeden Prozess, Abfallvermeidung und Abfallrecycling. Selbst das [&hellip;]<\/p>\n","protected":false},"author":1,"featured_media":0,"parent":0,"menu_order":0,"comment_status":"closed","ping_status":"closed","template":"elementor_header_footer","meta":{"_acf_changed":false,"footnotes":""},"class_list":["post-3544","page","type-page","status-publish","hentry"],"acf":[],"_links":{"self":[{"href":"https:\/\/www.palagio.it\/de\/wp-json\/wp\/v2\/pages\/3544","targetHints":{"allow":["GET"]}}],"collection":[{"href":"https:\/\/www.palagio.it\/de\/wp-json\/wp\/v2\/pages"}],"about":[{"href":"https:\/\/www.palagio.it\/de\/wp-json\/wp\/v2\/types\/page"}],"author":[{"embeddable":true,"href":"https:\/\/www.palagio.it\/de\/wp-json\/wp\/v2\/users\/1"}],"replies":[{"embeddable":true,"href":"https:\/\/www.palagio.it\/de\/wp-json\/wp\/v2\/comments?post=3544"}],"version-history":[{"count":4,"href":"https:\/\/www.palagio.it\/de\/wp-json\/wp\/v2\/pages\/3544\/revisions"}],"predecessor-version":[{"id":3549,"href":"https:\/\/www.palagio.it\/de\/wp-json\/wp\/v2\/pages\/3544\/revisions\/3549"}],"wp:attachment":[{"href":"https:\/\/www.palagio.it\/de\/wp-json\/wp\/v2\/media?parent=3544"}],"curies":[{"name":"wp","href":"https:\/\/api.w.org\/{rel}","templated":true}]}}