{"id":3532,"date":"2024-04-15T09:16:59","date_gmt":"2024-04-15T09:16:59","guid":{"rendered":"https:\/\/www.palagio.it\/storia-e-tradizione\/"},"modified":"2024-09-30T13:28:11","modified_gmt":"2024-09-30T13:28:11","slug":"geschichte-und-tradition","status":"publish","type":"page","link":"https:\/\/www.palagio.it\/de\/geschichte-und-tradition\/","title":{"rendered":"Geschichte und Tradition"},"content":{"rendered":"\t\t<div data-elementor-type=\"wp-page\" data-elementor-id=\"3532\" class=\"elementor elementor-3532 elementor-408\" data-elementor-post-type=\"page\">\n\t\t\t\t\t\t<section class=\"elementor-section elementor-top-section elementor-element elementor-element-1641cb6e elementor-section-boxed elementor-section-height-default elementor-section-height-default\" data-id=\"1641cb6e\" data-element_type=\"section\" data-settings=\"{&quot;background_background&quot;:&quot;classic&quot;}\">\n\t\t\t\t\t\t\t<div class=\"elementor-background-overlay\"><\/div>\n\t\t\t\t\t\t\t<div class=\"elementor-container elementor-column-gap-default\">\n\t\t\t\t\t<div class=\"elementor-column elementor-col-100 elementor-top-column elementor-element elementor-element-68af7812\" data-id=\"68af7812\" data-element_type=\"column\">\n\t\t\t<div class=\"elementor-widget-wrap elementor-element-populated\">\n\t\t\t\t\t\t<div class=\"elementor-element elementor-element-52369bea elementor-widget elementor-widget-text-editor\" data-id=\"52369bea\" data-element_type=\"widget\" data-widget_type=\"text-editor.default\">\n\t\t\t\t<div class=\"elementor-widget-container\">\n\t\t\t\t\t\t\t<div class=\"elementor-element elementor-element-7463eebd elementor-widget elementor-widget-text-editor\" data-id=\"7463eebd\" data-element_type=\"widget\" data-widget_type=\"text-editor.default\">\n<div class=\"elementor-widget-container\">\n<p>WER WIR SIND<\/p>\n<\/div>\n<\/div>\n<div class=\"elementor-element elementor-element-772b7ed3 elementor-widget elementor-widget-heading\" data-id=\"772b7ed3\" data-element_type=\"widget\" data-widget_type=\"heading.default\">\n<div class=\"elementor-widget-container\">\u00a0<\/div>\n<\/div>\t\t\t\t\t\t<\/div>\n\t\t\t\t<\/div>\n\t\t\t\t<div class=\"elementor-element elementor-element-79688660 elementor-widget elementor-widget-heading\" data-id=\"79688660\" data-element_type=\"widget\" data-widget_type=\"heading.default\">\n\t\t\t\t<div class=\"elementor-widget-container\">\n\t\t\t<h2 class=\"elementor-heading-title elementor-size-default\">GESCHICHTE UND TRADITION\n<\/h2>\t\t<\/div>\n\t\t\t\t<\/div>\n\t\t\t\t\t<\/div>\n\t\t<\/div>\n\t\t\t\t\t<\/div>\n\t\t<\/section>\n\t\t\t\t<section class=\"elementor-section elementor-top-section elementor-element elementor-element-1160236b elementor-section-stretched elementor-section-boxed elementor-section-height-default elementor-section-height-default\" data-id=\"1160236b\" data-element_type=\"section\" data-settings=\"{&quot;stretch_section&quot;:&quot;section-stretched&quot;}\">\n\t\t\t\t\t\t<div class=\"elementor-container elementor-column-gap-no\">\n\t\t\t\t\t<div class=\"elementor-column elementor-col-100 elementor-top-column elementor-element elementor-element-2afe3d1c\" data-id=\"2afe3d1c\" data-element_type=\"column\" data-settings=\"{&quot;background_background&quot;:&quot;classic&quot;}\">\n\t\t\t<div class=\"elementor-widget-wrap elementor-element-populated\">\n\t\t\t\t\t\t<div class=\"elementor-element elementor-element-765d2b7 elementor-widget elementor-widget-text-editor\" data-id=\"765d2b7\" data-element_type=\"widget\" data-widget_type=\"text-editor.default\">\n\t\t\t\t<div class=\"elementor-widget-container\">\n\t\t\t\t\t\t\t<p>Il Palagio ist seit 40 Jahren Cotto Imprunetino, ein Symbol f\u00fcr Authentizit\u00e4t und Widerstand, typisch f\u00fcr die toskanische Architektur. Dieser Cotto ist W\u00e4rme und Farbe, die aus der Tradition entspringt, aber sich entwickelt, mit einer klaren Vision einer nachhaltigen und zeitgen\u00f6ssischen Zukunft.<\/p>\t\t\t\t\t\t<\/div>\n\t\t\t\t<\/div>\n\t\t\t\t\t<\/div>\n\t\t<\/div>\n\t\t\t\t\t<\/div>\n\t\t<\/section>\n\t\t\t\t<section class=\"elementor-section elementor-top-section elementor-element elementor-element-1a58b234 elementor-section-stretched elementor-section-boxed elementor-section-height-default elementor-section-height-default\" data-id=\"1a58b234\" data-element_type=\"section\" data-settings=\"{&quot;stretch_section&quot;:&quot;section-stretched&quot;}\">\n\t\t\t\t\t\t<div class=\"elementor-container elementor-column-gap-no\">\n\t\t\t\t\t<div class=\"elementor-column elementor-col-50 elementor-top-column elementor-element elementor-element-42648df7\" data-id=\"42648df7\" data-element_type=\"column\" data-settings=\"{&quot;background_background&quot;:&quot;classic&quot;}\">\n\t\t\t<div class=\"elementor-widget-wrap elementor-element-populated\">\n\t\t\t\t\t\t<div class=\"elementor-element elementor-element-7009f2e elementor-widget elementor-widget-heading\" data-id=\"7009f2e\" data-element_type=\"widget\" data-widget_type=\"heading.default\">\n\t\t\t\t<div class=\"elementor-widget-container\">\n\t\t\t<h2 class=\"elementor-heading-title elementor-size-default\">DIE MARKE<\/h2>\t\t<\/div>\n\t\t\t\t<\/div>\n\t\t\t\t\t<\/div>\n\t\t<\/div>\n\t\t\t\t<div class=\"elementor-column elementor-col-50 elementor-top-column elementor-element elementor-element-1468f855\" data-id=\"1468f855\" data-element_type=\"column\" data-settings=\"{&quot;background_background&quot;:&quot;classic&quot;}\">\n\t\t\t<div class=\"elementor-widget-wrap elementor-element-populated\">\n\t\t\t\t\t\t<div class=\"elementor-element elementor-element-6a58f814 elementor-widget__width-initial elementor-widget elementor-widget-heading\" data-id=\"6a58f814\" data-element_type=\"widget\" data-widget_type=\"heading.default\">\n\t\t\t\t<div class=\"elementor-widget-container\">\n\t\t\t<div class=\"elementor-heading-title elementor-size-default\">Die Geschichte und das Prestige<br\/>des Cotto Imprunetino Autentico<\/div>\t\t<\/div>\n\t\t\t\t<\/div>\n\t\t\t\t<div class=\"elementor-element elementor-element-4af2594e elementor-widget__width-initial elementor-widget elementor-widget-text-editor\" data-id=\"4af2594e\" data-element_type=\"widget\" data-widget_type=\"text-editor.default\">\n\t\t\t\t<div class=\"elementor-widget-container\">\n\t\t\t\t\t\t\t<p>Il Palagio ist eine historische Marke f\u00fcr authentischen Cotto Imprunetino. Der Ton wird in einem eigenen Steinbruch im Herzen der Chianti-H\u00fcgel gewonnen.<\/p>\n<p>Der Cotto von Il Palagio ist Ausdruck des traditionellen toskanischen Charmes, der zeitgen\u00f6ssischen Sch\u00f6nheit und der st\u00e4ndigen Erneuerung, f\u00fcr eine Produktpalette, die mit der Moderne Schritt h\u00e4lt und eine vielseitige Vision der Raumgestaltung bietet. Der Cotto von Il Palagio ist von Natur aus nachhaltig und geh\u00f6rt zur Vivaterra-Gruppe, einer historischen und renommierten Marke f\u00fcr die Herstellung von authentischem, langlebigem toskanischem Cotto.<\/p>\t\t\t\t\t\t<\/div>\n\t\t\t\t<\/div>\n\t\t\t\t\t<\/div>\n\t\t<\/div>\n\t\t\t\t\t<\/div>\n\t\t<\/section>\n\t\t\t\t<section class=\"elementor-section elementor-top-section elementor-element elementor-element-36ac543c elementor-section-stretched elementor-reverse-mobile elementor-section-boxed elementor-section-height-default elementor-section-height-default\" data-id=\"36ac543c\" data-element_type=\"section\" data-settings=\"{&quot;stretch_section&quot;:&quot;section-stretched&quot;}\">\n\t\t\t\t\t\t<div class=\"elementor-container elementor-column-gap-no\">\n\t\t\t\t\t<div class=\"elementor-column elementor-col-50 elementor-top-column elementor-element elementor-element-12bb6e93\" data-id=\"12bb6e93\" data-element_type=\"column\" data-settings=\"{&quot;background_background&quot;:&quot;classic&quot;}\">\n\t\t\t<div class=\"elementor-widget-wrap elementor-element-populated\">\n\t\t\t\t\t\t<div class=\"elementor-element elementor-element-697f65c3 elementor-widget elementor-widget-heading\" data-id=\"697f65c3\" data-element_type=\"widget\" data-widget_type=\"heading.default\">\n\t\t\t\t<div class=\"elementor-widget-container\">\n\t\t\t<div class=\"elementor-heading-title elementor-size-default\">Produktive Forschung und<br\/>Innovation, f\u00fcr die Zukunft<\/div>\t\t<\/div>\n\t\t\t\t<\/div>\n\t\t\t\t<div class=\"elementor-element elementor-element-5356bf94 elementor-widget__width-initial elementor-widget elementor-widget-text-editor\" data-id=\"5356bf94\" data-element_type=\"widget\" data-widget_type=\"text-editor.default\">\n\t\t\t\t<div class=\"elementor-widget-container\">\n\t\t\t\t\t\t\t<p>Die Produktionsforschung konzentriert sich auf die Innovation, die Erforschung von Techniken und Technologien zur Verbesserung der Leistung unserer Verkleidungen und ihrer \u00c4sthetik, wie z. B. die fertige Cotto-Linie, bereit f\u00fcr die Installation.<\/p>\n<p>Il Palagio ist mehr als eine Marke, es ist ein Projekt, eine Vision, eine Art, \u00fcber die Zukunft der Architektur nachzudenken. Eine Zukunft, in der sich Stil, Design und Natur treffen, um R\u00e4ume zu schaffen, die gleichzeitig robust, faszinierend und voller W\u00e4rme sind.<\/p>\t\t\t\t\t\t<\/div>\n\t\t\t\t<\/div>\n\t\t\t\t\t<\/div>\n\t\t<\/div>\n\t\t\t\t<div class=\"elementor-column elementor-col-50 elementor-top-column elementor-element elementor-element-57d10bd0\" data-id=\"57d10bd0\" data-element_type=\"column\" data-settings=\"{&quot;background_background&quot;:&quot;classic&quot;}\">\n\t\t\t<div class=\"elementor-widget-wrap elementor-element-populated\">\n\t\t\t\t\t\t<div class=\"elementor-element elementor-element-25e8f65c elementor-widget elementor-widget-heading\" data-id=\"25e8f65c\" data-element_type=\"widget\" data-widget_type=\"heading.default\">\n\t\t\t\t<div class=\"elementor-widget-container\">\n\t\t\t<h2 class=\"elementor-heading-title elementor-size-default\">PROJEKT<br>\nund Sch\u00f6nheit<\/h2>\t\t<\/div>\n\t\t\t\t<\/div>\n\t\t\t\t\t<\/div>\n\t\t<\/div>\n\t\t\t\t\t<\/div>\n\t\t<\/section>\n\t\t\t\t<section class=\"elementor-section elementor-top-section elementor-element elementor-element-3a6fb30 elementor-section-stretched elementor-section-boxed elementor-section-height-default elementor-section-height-default\" data-id=\"3a6fb30\" data-element_type=\"section\" data-settings=\"{&quot;stretch_section&quot;:&quot;section-stretched&quot;}\">\n\t\t\t\t\t\t<div class=\"elementor-container elementor-column-gap-no\">\n\t\t\t\t\t<div class=\"elementor-column elementor-col-50 elementor-top-column elementor-element elementor-element-301f0812\" data-id=\"301f0812\" data-element_type=\"column\" data-settings=\"{&quot;background_background&quot;:&quot;classic&quot;}\">\n\t\t\t<div class=\"elementor-widget-wrap elementor-element-populated\">\n\t\t\t\t\t\t<div class=\"elementor-element elementor-element-245b6ded elementor-widget elementor-widget-heading\" data-id=\"245b6ded\" data-element_type=\"widget\" data-widget_type=\"heading.default\">\n\t\t\t\t<div class=\"elementor-widget-container\">\n\t\t\t<h2 class=\"elementor-heading-title elementor-size-default\">ZUKUNFT UND AUTHENTIZIT\u00c4T<\/h2>\t\t<\/div>\n\t\t\t\t<\/div>\n\t\t\t\t\t<\/div>\n\t\t<\/div>\n\t\t\t\t<div class=\"elementor-column elementor-col-50 elementor-top-column elementor-element elementor-element-1b8cc09b\" data-id=\"1b8cc09b\" data-element_type=\"column\" data-settings=\"{&quot;background_background&quot;:&quot;classic&quot;}\">\n\t\t\t<div class=\"elementor-widget-wrap elementor-element-populated\">\n\t\t\t\t\t\t<div class=\"elementor-element elementor-element-6e72113b elementor-widget__width-initial elementor-widget elementor-widget-heading\" data-id=\"6e72113b\" data-element_type=\"widget\" data-widget_type=\"heading.default\">\n\t\t\t\t<div class=\"elementor-widget-container\">\n\t\t\t<div class=\"elementor-heading-title elementor-size-default\">Erde, Luft, Wasser und Feuer: <span style= \"font-family: museo-sans-display; font-weight:100;\">unsere Identit\u00e4t<\/span><\/div>\t\t<\/div>\n\t\t\t\t<\/div>\n\t\t\t\t<div class=\"elementor-element elementor-element-ae24bb5 elementor-widget__width-initial elementor-widget elementor-widget-text-editor\" data-id=\"ae24bb5\" data-element_type=\"widget\" data-widget_type=\"text-editor.default\">\n\t\t\t\t<div class=\"elementor-widget-container\">\n\t\t\t\t\t\t\t<p>La Terra Toscana \u00e8 la radice del nostro Cotto, il galestro \u00e8 lo scisto argilloso da cui prendono forma le nostre collezioni.<\/p>\n<p>L\u2019Aria \u00e8 l\u2019ingrediente intangibile, imprescindibile per il processo di produzione, conferisce diversi gradi di cromaticit\u00e0 all\u2019argilla. L\u2019Acqua \u00e8 il collante che d\u00e0 forma al Cotto e consistenza alle piastrelle. Il Fuoco forgia la materia e conferisce il carattere, la durezza e la resistenza tipiche del Cotto Imprunetino. Questo \u00e8 il nostro Cotto, questo definisce chi siamo e ci\u00f2 che vogliamo essere.<\/p>\t\t\t\t\t\t<\/div>\n\t\t\t\t<\/div>\n\t\t\t\t\t<\/div>\n\t\t<\/div>\n\t\t\t\t\t<\/div>\n\t\t<\/section>\n\t\t\t\t<\/div>\n\t\t","protected":false},"excerpt":{"rendered":"<p>WER WIR SIND \u00a0 GESCHICHTE UND TRADITION Il Palagio ist seit 40 Jahren Cotto Imprunetino, ein Symbol f\u00fcr Authentizit\u00e4t und Widerstand, typisch f\u00fcr die toskanische Architektur. Dieser Cotto ist W\u00e4rme und Farbe, die aus der Tradition entspringt, aber sich entwickelt, mit einer klaren Vision einer nachhaltigen und zeitgen\u00f6ssischen Zukunft. DIE MARKE Die Geschichte und das [&hellip;]<\/p>\n","protected":false},"author":1,"featured_media":0,"parent":0,"menu_order":0,"comment_status":"closed","ping_status":"closed","template":"elementor_header_footer","meta":{"_acf_changed":false,"footnotes":""},"class_list":["post-3532","page","type-page","status-publish","hentry"],"acf":[],"_links":{"self":[{"href":"https:\/\/www.palagio.it\/de\/wp-json\/wp\/v2\/pages\/3532","targetHints":{"allow":["GET"]}}],"collection":[{"href":"https:\/\/www.palagio.it\/de\/wp-json\/wp\/v2\/pages"}],"about":[{"href":"https:\/\/www.palagio.it\/de\/wp-json\/wp\/v2\/types\/page"}],"author":[{"embeddable":true,"href":"https:\/\/www.palagio.it\/de\/wp-json\/wp\/v2\/users\/1"}],"replies":[{"embeddable":true,"href":"https:\/\/www.palagio.it\/de\/wp-json\/wp\/v2\/comments?post=3532"}],"version-history":[{"count":5,"href":"https:\/\/www.palagio.it\/de\/wp-json\/wp\/v2\/pages\/3532\/revisions"}],"predecessor-version":[{"id":3723,"href":"https:\/\/www.palagio.it\/de\/wp-json\/wp\/v2\/pages\/3532\/revisions\/3723"}],"wp:attachment":[{"href":"https:\/\/www.palagio.it\/de\/wp-json\/wp\/v2\/media?parent=3532"}],"curies":[{"name":"wp","href":"https:\/\/api.w.org\/{rel}","templated":true}]}}