{"id":3500,"date":"2024-04-15T09:17:14","date_gmt":"2024-04-15T09:17:14","guid":{"rendered":"https:\/\/www.palagio.it\/posa\/"},"modified":"2024-09-30T13:27:11","modified_gmt":"2024-09-30T13:27:11","slug":"verlegung","status":"publish","type":"page","link":"https:\/\/www.palagio.it\/de\/verlegung\/","title":{"rendered":"Verlegung"},"content":{"rendered":"\t\t<div data-elementor-type=\"wp-page\" data-elementor-id=\"3500\" class=\"elementor elementor-3500 elementor-419\" data-elementor-post-type=\"page\">\n\t\t\t\t\t\t<section class=\"elementor-section elementor-top-section elementor-element elementor-element-6fb07da elementor-section-stretched elementor-section-boxed elementor-section-height-default elementor-section-height-default\" data-id=\"6fb07da\" data-element_type=\"section\" data-settings=\"{&quot;background_background&quot;:&quot;classic&quot;,&quot;stretch_section&quot;:&quot;section-stretched&quot;}\">\n\t\t\t\t\t\t<div class=\"elementor-container elementor-column-gap-no\">\n\t\t\t\t\t<div class=\"elementor-column elementor-col-100 elementor-top-column elementor-element elementor-element-3847c44\" data-id=\"3847c44\" data-element_type=\"column\" data-settings=\"{&quot;background_background&quot;:&quot;classic&quot;}\">\n\t\t\t<div class=\"elementor-widget-wrap elementor-element-populated\">\n\t\t\t\t\t\t<div class=\"elementor-element elementor-element-33203ac elementor-widget elementor-widget-text-editor\" data-id=\"33203ac\" data-element_type=\"widget\" data-widget_type=\"text-editor.default\">\n\t\t\t\t<div class=\"elementor-widget-container\">\n\t\t\t\t\t\t\t<p>PFLEGE<\/p>\t\t\t\t\t\t<\/div>\n\t\t\t\t<\/div>\n\t\t\t\t<div class=\"elementor-element elementor-element-a739ed5 elementor-widget elementor-widget-heading\" data-id=\"a739ed5\" data-element_type=\"widget\" data-widget_type=\"heading.default\">\n\t\t\t\t<div class=\"elementor-widget-container\">\n\t\t\t<h2 class=\"elementor-heading-title elementor-size-default\">Die Verlegearten\n<\/h2>\t\t<\/div>\n\t\t\t\t<\/div>\n\t\t\t\t\t<\/div>\n\t\t<\/div>\n\t\t\t\t\t<\/div>\n\t\t<\/section>\n\t\t\t\t<section class=\"elementor-section elementor-top-section elementor-element elementor-element-3ad31a32 elementor-section-height-min-height elementor-section-items-top elementor-section-full_width elementor-section-height-default\" data-id=\"3ad31a32\" data-element_type=\"section\" data-settings=\"{&quot;background_background&quot;:&quot;classic&quot;}\">\n\t\t\t\t\t\t<div class=\"elementor-container elementor-column-gap-no\">\n\t\t\t\t\t<div class=\"elementor-column elementor-col-100 elementor-top-column elementor-element elementor-element-758323f8\" data-id=\"758323f8\" data-element_type=\"column\" data-settings=\"{&quot;background_background&quot;:&quot;classic&quot;}\">\n\t\t\t<div class=\"elementor-widget-wrap elementor-element-populated\">\n\t\t\t\t\t\t<div class=\"elementor-element elementor-element-17856b6b elementor-widget elementor-widget-spacer\" data-id=\"17856b6b\" data-element_type=\"widget\" data-widget_type=\"spacer.default\">\n\t\t\t\t<div class=\"elementor-widget-container\">\n\t\t\t\t\t<div class=\"elementor-spacer\">\n\t\t\t<div class=\"elementor-spacer-inner\"><\/div>\n\t\t<\/div>\n\t\t\t\t<\/div>\n\t\t\t\t<\/div>\n\t\t\t\t\t<\/div>\n\t\t<\/div>\n\t\t\t\t\t<\/div>\n\t\t<\/section>\n\t\t\t\t<section class=\"elementor-section elementor-top-section elementor-element elementor-element-11167501 elementor-section-boxed elementor-section-height-default elementor-section-height-default\" data-id=\"11167501\" data-element_type=\"section\">\n\t\t\t\t\t\t<div class=\"elementor-container elementor-column-gap-no\">\n\t\t\t\t\t<div class=\"elementor-column elementor-col-100 elementor-top-column elementor-element elementor-element-130aae88\" data-id=\"130aae88\" data-element_type=\"column\" data-settings=\"{&quot;background_background&quot;:&quot;classic&quot;}\">\n\t\t\t<div class=\"elementor-widget-wrap elementor-element-populated\">\n\t\t\t\t\t\t<div class=\"elementor-element elementor-element-14480c33 elementor-widget elementor-widget-text-editor\" data-id=\"14480c33\" data-element_type=\"widget\" data-widget_type=\"text-editor.default\">\n\t\t\t\t<div class=\"elementor-widget-container\">\n\t\t\t\t\t\t\t<h5 style=\"color: #7a1522;\">Der Cotto von\u00a0 Il Palagio kann auf eine der folgenden Arten verlegt werden:<\/h5><ul><li>MIT KLEBER, f\u00fcr COTTOFINE und gleichm\u00e4\u00dfige St\u00e4rken.<\/li><li>AUF BETT aus Sand und Zement, als Alternative zum Kleben.\u00a0<\/li><li>GEMAUERT, f\u00fcr gro\u00dfe Formate und gro\u00dfe St\u00e4rken. Auf das Verlegen der Fliesen folgt das Verfugen.<\/li><\/ul><h5 style=\"color: #7a1522;\">HINWEISE F\u00dcR DAS VERLEGEN IM FREIEN<\/h5><p>Der Cotto von Il Palagio eignet sich f\u00fcr die Verlegung im Freien, denn er ist als frostbest\u00e4ndig zertifiziert. Bei der Verlegung im Au\u00dfenbereich sind allerdings alle Regeln der Kunst zu beachten, da die garantierte Frostbest\u00e4ndigkeit allein nicht ausreicht, um bei nicht sachgem\u00e4\u00dfem Verlegen Materialsch\u00e4den zu verhindern.<\/p>\t\t\t\t\t\t<\/div>\n\t\t\t\t<\/div>\n\t\t\t\t<div class=\"elementor-element elementor-element-2998b5bf elementor-widget elementor-widget-image\" data-id=\"2998b5bf\" data-element_type=\"widget\" data-widget_type=\"image.default\">\n\t\t\t\t<div class=\"elementor-widget-container\">\n\t\t\t\t\t\t\t\t\t\t\t\t\t<img fetchpriority=\"high\" decoding=\"async\" width=\"1536\" height=\"431\" src=\"https:\/\/www.palagio.it\/wp-content\/uploads\/2024\/04\/posa-1536x431.png\" class=\"attachment-1536x1536 size-1536x1536 wp-image-421\" alt=\"\" srcset=\"https:\/\/www.palagio.it\/wp-content\/uploads\/2024\/04\/posa-1536x431.png 1536w, https:\/\/www.palagio.it\/wp-content\/uploads\/2024\/04\/posa-300x84.png 300w, https:\/\/www.palagio.it\/wp-content\/uploads\/2024\/04\/posa-1024x287.png 1024w, https:\/\/www.palagio.it\/wp-content\/uploads\/2024\/04\/posa-768x216.png 768w, https:\/\/www.palagio.it\/wp-content\/uploads\/2024\/04\/posa-2048x575.png 2048w\" sizes=\"(max-width: 1536px) 100vw, 1536px\" \/>\t\t\t\t\t\t\t\t\t\t\t\t\t<\/div>\n\t\t\t\t<\/div>\n\t\t\t\t<div class=\"elementor-element elementor-element-3810fe3b elementor-widget elementor-widget-text-editor\" data-id=\"3810fe3b\" data-element_type=\"widget\" data-widget_type=\"text-editor.default\">\n\t\t\t\t<div class=\"elementor-widget-container\">\n\t\t\t\t\t\t\t<p>Hier einige n\u00fctzliche Hinweise zum Verlegen des Cotto im Freien:<\/p><h5 style=\"color: #7a1522;\">SCHR\u00c4GE<\/h5><p>Die Schr\u00e4ge muss unter der Isolierschicht ausgef\u00fchrt werden und kann von mindestens 1,5 bis 2 variieren, da sich sonst Wasser zwischen Isolierschicht und Bodenbelag ansammelt und der Boden oder die Bindemittelschicht bei Frost angehoben wird.\u00a0<\/p><h5 style=\"color: #7a1522;\">ABDICHTEN<\/h5><p>Vor dem Verlegen auf Beton-Unterb\u00f6den muss vor dem Bett die Abdichtung ausgef\u00fchrt werden. Dies kann mit handels\u00fcblichen Produkten erfolgen; das von dieser Isolierschicht gesammelte Wasser muss immer in einen Abfluss geleitet werden. Damit eine korrekte Drainage im Bett gew\u00e4hrleistet ist, kann auf der Abdichtung eine speziell f\u00fcr diese Zwecke gedachte Unterlage mit schwalbenschwanzf\u00f6rmigem Querschnitt verlegt werden.<\/p><h5 style=\"color: #7a1522;\">TRENN- und ABLAUFSCHICHT<\/h5><p>Ist bei allen Bodenbel\u00e4gen mit darunter liegender Abdichtung erforderlich und kann auch ganz einfach aus einer PE-Folie bestehen, die verhindert, dass die in der Regel auf dem Untergrund haftenden Abdichtung mit der Bindemittelschicht in Ber\u00fchrung kommt und die Isolierschicht durch Spannungen rei\u00dft und irreparabel besch\u00e4digt wird.\u00a0<\/p><h5 style=\"color: #7a1522;\">DEHNUNGSFUGEN<\/h5><p>Die Dehnungsfugen sollen allf\u00e4llige Gr\u00f6\u00dfenunterschiede kompensieren und m\u00fcssen sowohl in der Struktur des Baus als auch im Boden mit seinem Bettvorgesehen werden. Eine umlaufende Dehnungsfuge ist auch entlang der W\u00e4nde erforderlich. Die Oberfl\u00e4che des Cotto ist erst fertig, wenn sie entsprechend endbehandelt und damit gesch\u00fctzt ist.<\/p>\t\t\t\t\t\t<\/div>\n\t\t\t\t<\/div>\n\t\t\t\t\t<\/div>\n\t\t<\/div>\n\t\t\t\t\t<\/div>\n\t\t<\/section>\n\t\t\t\t<\/div>\n\t\t","protected":false},"excerpt":{"rendered":"<p>PFLEGE Die Verlegearten Der Cotto von\u00a0 Il Palagio kann auf eine der folgenden Arten verlegt werden: MIT KLEBER, f\u00fcr COTTOFINE und gleichm\u00e4\u00dfige St\u00e4rken. AUF BETT aus Sand und Zement, als Alternative zum Kleben.\u00a0 GEMAUERT, f\u00fcr gro\u00dfe Formate und gro\u00dfe St\u00e4rken. Auf das Verlegen der Fliesen folgt das Verfugen. HINWEISE F\u00dcR DAS VERLEGEN IM FREIEN Der [&hellip;]<\/p>\n","protected":false},"author":1,"featured_media":0,"parent":0,"menu_order":0,"comment_status":"closed","ping_status":"closed","template":"elementor_header_footer","meta":{"_acf_changed":false,"footnotes":""},"class_list":["post-3500","page","type-page","status-publish","hentry"],"acf":[],"_links":{"self":[{"href":"https:\/\/www.palagio.it\/de\/wp-json\/wp\/v2\/pages\/3500","targetHints":{"allow":["GET"]}}],"collection":[{"href":"https:\/\/www.palagio.it\/de\/wp-json\/wp\/v2\/pages"}],"about":[{"href":"https:\/\/www.palagio.it\/de\/wp-json\/wp\/v2\/types\/page"}],"author":[{"embeddable":true,"href":"https:\/\/www.palagio.it\/de\/wp-json\/wp\/v2\/users\/1"}],"replies":[{"embeddable":true,"href":"https:\/\/www.palagio.it\/de\/wp-json\/wp\/v2\/comments?post=3500"}],"version-history":[{"count":5,"href":"https:\/\/www.palagio.it\/de\/wp-json\/wp\/v2\/pages\/3500\/revisions"}],"predecessor-version":[{"id":3721,"href":"https:\/\/www.palagio.it\/de\/wp-json\/wp\/v2\/pages\/3500\/revisions\/3721"}],"wp:attachment":[{"href":"https:\/\/www.palagio.it\/de\/wp-json\/wp\/v2\/media?parent=3500"}],"curies":[{"name":"wp","href":"https:\/\/api.w.org\/{rel}","templated":true}]}}