{"id":3489,"date":"2024-04-15T09:17:24","date_gmt":"2024-04-15T09:17:24","guid":{"rendered":"https:\/\/www.palagio.it\/trattamento\/"},"modified":"2024-09-30T13:26:59","modified_gmt":"2024-09-30T13:26:59","slug":"endbehandlung","status":"publish","type":"page","link":"https:\/\/www.palagio.it\/de\/endbehandlung\/","title":{"rendered":"Endbehandlung"},"content":{"rendered":"\t\t<div data-elementor-type=\"wp-page\" data-elementor-id=\"3489\" class=\"elementor elementor-3489 elementor-445\" data-elementor-post-type=\"page\">\n\t\t\t\t\t\t<section class=\"elementor-section elementor-top-section elementor-element elementor-element-b1e91fc elementor-section-stretched elementor-section-boxed elementor-section-height-default elementor-section-height-default\" data-id=\"b1e91fc\" data-element_type=\"section\" data-settings=\"{&quot;background_background&quot;:&quot;classic&quot;,&quot;stretch_section&quot;:&quot;section-stretched&quot;}\">\n\t\t\t\t\t\t<div class=\"elementor-container elementor-column-gap-no\">\n\t\t\t\t\t<div class=\"elementor-column elementor-col-100 elementor-top-column elementor-element elementor-element-0850a96\" data-id=\"0850a96\" data-element_type=\"column\" data-settings=\"{&quot;background_background&quot;:&quot;classic&quot;}\">\n\t\t\t<div class=\"elementor-widget-wrap elementor-element-populated\">\n\t\t\t\t\t\t<div class=\"elementor-element elementor-element-5fe677c elementor-widget elementor-widget-text-editor\" data-id=\"5fe677c\" data-element_type=\"widget\" data-widget_type=\"text-editor.default\">\n\t\t\t\t<div class=\"elementor-widget-container\">\n\t\t\t\t\t\t\t<p>PFLEGE<\/p>\t\t\t\t\t\t<\/div>\n\t\t\t\t<\/div>\n\t\t\t\t<div class=\"elementor-element elementor-element-a1a9d3e elementor-widget elementor-widget-heading\" data-id=\"a1a9d3e\" data-element_type=\"widget\" data-widget_type=\"heading.default\">\n\t\t\t\t<div class=\"elementor-widget-container\">\n\t\t\t<h2 class=\"elementor-heading-title elementor-size-default\">Endbehandlung und Pfl\u00e4ge des Cotto\n<\/h2>\t\t<\/div>\n\t\t\t\t<\/div>\n\t\t\t\t\t<\/div>\n\t\t<\/div>\n\t\t\t\t\t<\/div>\n\t\t<\/section>\n\t\t\t\t<section class=\"elementor-section elementor-top-section elementor-element elementor-element-3fc0c59c elementor-section-height-min-height elementor-section-items-top elementor-section-full_width elementor-section-height-default\" data-id=\"3fc0c59c\" data-element_type=\"section\" data-settings=\"{&quot;background_background&quot;:&quot;classic&quot;}\">\n\t\t\t\t\t\t<div class=\"elementor-container elementor-column-gap-no\">\n\t\t\t\t\t<div class=\"elementor-column elementor-col-100 elementor-top-column elementor-element elementor-element-59165ab8\" data-id=\"59165ab8\" data-element_type=\"column\" data-settings=\"{&quot;background_background&quot;:&quot;classic&quot;}\">\n\t\t\t<div class=\"elementor-widget-wrap elementor-element-populated\">\n\t\t\t\t\t\t<div class=\"elementor-element elementor-element-322bde85 elementor-widget elementor-widget-spacer\" data-id=\"322bde85\" data-element_type=\"widget\" data-widget_type=\"spacer.default\">\n\t\t\t\t<div class=\"elementor-widget-container\">\n\t\t\t\t\t<div class=\"elementor-spacer\">\n\t\t\t<div class=\"elementor-spacer-inner\"><\/div>\n\t\t<\/div>\n\t\t\t\t<\/div>\n\t\t\t\t<\/div>\n\t\t\t\t\t<\/div>\n\t\t<\/div>\n\t\t\t\t\t<\/div>\n\t\t<\/section>\n\t\t\t\t<section class=\"elementor-section elementor-top-section elementor-element elementor-element-6d72854d elementor-section-boxed elementor-section-height-default elementor-section-height-default\" data-id=\"6d72854d\" data-element_type=\"section\">\n\t\t\t\t\t\t<div class=\"elementor-container elementor-column-gap-no\">\n\t\t\t\t\t<div class=\"elementor-column elementor-col-100 elementor-top-column elementor-element elementor-element-3340afb8\" data-id=\"3340afb8\" data-element_type=\"column\" data-settings=\"{&quot;background_background&quot;:&quot;classic&quot;}\">\n\t\t\t<div class=\"elementor-widget-wrap elementor-element-populated\">\n\t\t\t\t\t\t<div class=\"elementor-element elementor-element-284e969f elementor-widget elementor-widget-text-editor\" data-id=\"284e969f\" data-element_type=\"widget\" data-widget_type=\"text-editor.default\">\n\t\t\t\t<div class=\"elementor-widget-container\">\n\t\t\t\t\t\t\t<p>Die Oberfl\u00e4che des Cotto ist erst fertig, wenn sie entsprechend endbehandelt und damit gesch\u00fctzt ist. Bei manchen Cotto-Arten besorgen wir das direkt in der Fabrik und liefern sie verlegefertig aus. Bei allen anderen Cotto-Arten muss die Endbehandlung vor Ort vorgenommen werden; f\u00fcr Innenr\u00e4ume ist sie obligatorisch, bei der Verlegung im Au\u00dfenbereich hingegen ist sogar davon abzuraten, wenn dadurch die nat\u00fcrliche Luftdurchl\u00e4ssigkeit des Cotto beeintr\u00e4chtigt wird und die darunter befindliche Feuchtigkeit nicht verdampfen kann.<\/p><p>Die Endbehandlung erfolgt in drei Arbeitsschritten: <\/p><p>1) WASCHEN; 2) WACHSEN; 3) PFLEGEN<\/p><p>Das Waschen und das Wachsen werden in der Regel noch w\u00e4hrend der Bauarbeiten und nur ein einziges Mal ausgef\u00fchrt, die Pflege in regelm\u00e4\u00dfigen zeitlichen Abst\u00e4nden und bei Bedarf durch den Benutzer selbst; sie dient auch zum Entfernen von Schmutzablagerungen.<\/p>\t\t\t\t\t\t<\/div>\n\t\t\t\t<\/div>\n\t\t\t\t\t<\/div>\n\t\t<\/div>\n\t\t\t\t\t<\/div>\n\t\t<\/section>\n\t\t\t\t<section class=\"elementor-section elementor-top-section elementor-element elementor-element-154b3e48 elementor-section-boxed elementor-section-height-default elementor-section-height-default\" data-id=\"154b3e48\" data-element_type=\"section\">\n\t\t\t\t\t\t<div class=\"elementor-container elementor-column-gap-no\">\n\t\t\t\t\t<div class=\"elementor-column elementor-col-50 elementor-top-column elementor-element elementor-element-4f703ad0\" data-id=\"4f703ad0\" data-element_type=\"column\" data-settings=\"{&quot;background_background&quot;:&quot;classic&quot;}\">\n\t\t\t<div class=\"elementor-widget-wrap elementor-element-populated\">\n\t\t\t\t\t\t<div class=\"elementor-element elementor-element-58d8488f elementor-widget elementor-widget-heading\" data-id=\"58d8488f\" data-element_type=\"widget\" data-widget_type=\"heading.default\">\n\t\t\t\t<div class=\"elementor-widget-container\">\n\t\t\t<h1 class=\"elementor-heading-title elementor-size-default\">DAS WASCHEN\n<\/h1>\t\t<\/div>\n\t\t\t\t<\/div>\n\t\t\t\t\t<\/div>\n\t\t<\/div>\n\t\t\t\t<div class=\"elementor-column elementor-col-50 elementor-top-column elementor-element elementor-element-13208095\" data-id=\"13208095\" data-element_type=\"column\" data-settings=\"{&quot;background_background&quot;:&quot;classic&quot;}\">\n\t\t\t<div class=\"elementor-widget-wrap elementor-element-populated\">\n\t\t\t\t\t\t<div class=\"elementor-element elementor-element-f205bff elementor-widget__width-initial elementor-widget elementor-widget-heading\" data-id=\"f205bff\" data-element_type=\"widget\" data-widget_type=\"heading.default\">\n\t\t\t\t<div class=\"elementor-widget-container\">\n\t\t\t<div class=\"elementor-heading-title elementor-size-default\">F\u00fcr das gute Gelingen der Nachbehandlung von grundlegender Bedeutung\n<\/div>\t\t<\/div>\n\t\t\t\t<\/div>\n\t\t\t\t<div class=\"elementor-element elementor-element-17d1b94 elementor-widget__width-initial elementor-widget elementor-widget-text-editor\" data-id=\"17d1b94\" data-element_type=\"widget\" data-widget_type=\"text-editor.default\">\n\t\t\t\t<div class=\"elementor-widget-container\">\n\t\t\t\t\t\t\t<div title=\"Page 1\"><p>Muss bei trockenem Boden erfolgen (also in der Regel etwa 20-30 Tage nach dem Verlegen mit M\u00f6rtel und etwa 10-15 Tage nach dem Verlegen mit Kleber, je nach Wetterlage und Jahreszeit).<\/p><p>1) Den Boden mit Wasser nass machen und dann einige Minuten mit einem Abs\u00e4uerungsmittel waschen und abreiben. Dabei m\u00fcssen alle Kalk-, Zementoder Kleberr\u00fcckst\u00e4nde entfernt werden. 2) Sorgf\u00e4ltig so oft mit sauberem Wasser nachwischen, bis das Wischwasser klar bleibt und den Boden trocknen lassen.<\/p><p>\u00a0<\/p><\/div>\t\t\t\t\t\t<\/div>\n\t\t\t\t<\/div>\n\t\t\t\t\t<\/div>\n\t\t<\/div>\n\t\t\t\t\t<\/div>\n\t\t<\/section>\n\t\t\t\t<section class=\"elementor-section elementor-top-section elementor-element elementor-element-1a013752 elementor-reverse-mobile elementor-section-boxed elementor-section-height-default elementor-section-height-default\" data-id=\"1a013752\" data-element_type=\"section\">\n\t\t\t\t\t\t<div class=\"elementor-container elementor-column-gap-no\">\n\t\t\t\t\t<div class=\"elementor-column elementor-col-50 elementor-top-column elementor-element elementor-element-2bcd079\" data-id=\"2bcd079\" data-element_type=\"column\" data-settings=\"{&quot;background_background&quot;:&quot;classic&quot;}\">\n\t\t\t<div class=\"elementor-widget-wrap elementor-element-populated\">\n\t\t\t\t\t\t<div class=\"elementor-element elementor-element-2ca2d720 elementor-widget elementor-widget-heading\" data-id=\"2ca2d720\" data-element_type=\"widget\" data-widget_type=\"heading.default\">\n\t\t\t\t<div class=\"elementor-widget-container\">\n\t\t\t<div class=\"elementor-heading-title elementor-size-default\">Der Boden darf erst gewachst werden, wenn er vollkommen trocken ist*\n<\/div>\t\t<\/div>\n\t\t\t\t<\/div>\n\t\t\t\t<div class=\"elementor-element elementor-element-32257233 elementor-widget__width-initial elementor-widget elementor-widget-text-editor\" data-id=\"32257233\" data-element_type=\"widget\" data-widget_type=\"text-editor.default\">\n\t\t\t\t<div class=\"elementor-widget-container\">\n\t\t\t\t\t\t\t<div class=\"page\" title=\"Page 1\"><div class=\"section\"><div class=\"layoutArea\"><div class=\"column\"><div class=\"page\" title=\"Page 1\"><div class=\"section\"><div class=\"layoutArea\"><div class=\"column\"><p>Die Wartezeit je nach Jahreszeit, Cotto-Typ und Verlegeart 3 bis 10 Tage dauern kann. Es gibt viele Wachstypen und im Handel sind viele gute Produkte erh\u00e4ltlich, vom Naturwachs bis zum Kunstwachs.<\/p><p><strong>Traditionelles Wachsen mit Wachspaste:<\/strong><br \/>1) Das Grundprodukt mit einem Schwamm oder einem gro\u00dfen Pinsel auftragen (Fl\u00fcssigwachs mit impr\u00e4gnierender und ausgleichender Funktion).<br \/>2) Nach 24 Stunden eine gleichm\u00e4\u00dfige Schicht Wachspaste auftragen und einb\u00fcrsten, damit das Produkt besser verteilt und aufgenommen wird.<br \/>3) Nach 48 Stunden eine zweite Schicht auftragen.<\/p><p><strong>Fl\u00fcssigwachs:<\/strong>\u00a0Das Auftragen ist wesentlich einfacher als mit der Wachspaste; es handelt sich um selbstnivellierende und selbstgl\u00e4nzende, w\u00e4ssrige Emulsionen, die mehrmals mit einem Pinsel oder einem Tuch aufgetragen werden.<\/p><p><span style=\"color: #d9b2b2;\"><em>(damit die Feuchtigkeit schneller verdampft, sollte der Raum auch im Winter gel\u00fcftet werden)<\/em><\/span><\/p><\/div><\/div><\/div><\/div><\/div><\/div><\/div><\/div>\t\t\t\t\t\t<\/div>\n\t\t\t\t<\/div>\n\t\t\t\t\t<\/div>\n\t\t<\/div>\n\t\t\t\t<div class=\"elementor-column elementor-col-50 elementor-top-column elementor-element elementor-element-72021d02\" data-id=\"72021d02\" data-element_type=\"column\" data-settings=\"{&quot;background_background&quot;:&quot;classic&quot;}\">\n\t\t\t<div class=\"elementor-widget-wrap elementor-element-populated\">\n\t\t\t\t\t\t<div class=\"elementor-element elementor-element-65bc07f elementor-widget elementor-widget-heading\" data-id=\"65bc07f\" data-element_type=\"widget\" data-widget_type=\"heading.default\">\n\t\t\t\t<div class=\"elementor-widget-container\">\n\t\t\t<h2 class=\"elementor-heading-title elementor-size-default\">AS WACHSEN<\/h2>\t\t<\/div>\n\t\t\t\t<\/div>\n\t\t\t\t\t<\/div>\n\t\t<\/div>\n\t\t\t\t\t<\/div>\n\t\t<\/section>\n\t\t\t\t<section class=\"elementor-section elementor-top-section elementor-element elementor-element-7eb1357a elementor-section-boxed elementor-section-height-default elementor-section-height-default\" data-id=\"7eb1357a\" data-element_type=\"section\">\n\t\t\t\t\t\t<div class=\"elementor-container elementor-column-gap-no\">\n\t\t\t\t\t<div class=\"elementor-column elementor-col-50 elementor-top-column elementor-element elementor-element-6447278b\" data-id=\"6447278b\" data-element_type=\"column\" data-settings=\"{&quot;background_background&quot;:&quot;classic&quot;}\">\n\t\t\t<div class=\"elementor-widget-wrap elementor-element-populated\">\n\t\t\t\t\t\t<div class=\"elementor-element elementor-element-7ff0060d elementor-widget elementor-widget-heading\" data-id=\"7ff0060d\" data-element_type=\"widget\" data-widget_type=\"heading.default\">\n\t\t\t\t<div class=\"elementor-widget-container\">\n\t\t\t<h2 class=\"elementor-heading-title elementor-size-default\">DIE PFLEGE\n<\/h2>\t\t<\/div>\n\t\t\t\t<\/div>\n\t\t\t\t\t<\/div>\n\t\t<\/div>\n\t\t\t\t<div class=\"elementor-column elementor-col-50 elementor-top-column elementor-element elementor-element-5f541166\" data-id=\"5f541166\" data-element_type=\"column\" data-settings=\"{&quot;background_background&quot;:&quot;classic&quot;}\">\n\t\t\t<div class=\"elementor-widget-wrap elementor-element-populated\">\n\t\t\t\t\t\t<div class=\"elementor-element elementor-element-7ff746c2 elementor-widget__width-initial elementor-widget elementor-widget-heading\" data-id=\"7ff746c2\" data-element_type=\"widget\" data-widget_type=\"heading.default\">\n\t\t\t\t<div class=\"elementor-widget-container\">\n\t\t\t<div class=\"elementor-heading-title elementor-size-default\">F\u00fcr die normale Reinigung gen\u00fcgt ein neutrales Reinigungs\n<\/div>\t\t<\/div>\n\t\t\t\t<\/div>\n\t\t\t\t<div class=\"elementor-element elementor-element-7019c3bb elementor-widget__width-initial elementor-widget elementor-widget-text-editor\" data-id=\"7019c3bb\" data-element_type=\"widget\" data-widget_type=\"text-editor.default\">\n\t\t\t\t<div class=\"elementor-widget-container\">\n\t\t\t\t\t\t\t<div title=\"Page 1\"><p>Der so behandelte Boden muss nur mehr regelm\u00e4\u00dfig mit einem handels\u00fcblichen Fl\u00fcssigwachs nachbehandelt bzw. gepflegt werden. <\/p><\/div>\t\t\t\t\t\t<\/div>\n\t\t\t\t<\/div>\n\t\t\t\t\t<\/div>\n\t\t<\/div>\n\t\t\t\t\t<\/div>\n\t\t<\/section>\n\t\t\t\t<\/div>\n\t\t","protected":false},"excerpt":{"rendered":"<p>PFLEGE Endbehandlung und Pfl\u00e4ge des Cotto Die Oberfl\u00e4che des Cotto ist erst fertig, wenn sie entsprechend endbehandelt und damit gesch\u00fctzt ist. Bei manchen Cotto-Arten besorgen wir das direkt in der Fabrik und liefern sie verlegefertig aus. Bei allen anderen Cotto-Arten muss die Endbehandlung vor Ort vorgenommen werden; f\u00fcr Innenr\u00e4ume ist sie obligatorisch, bei der Verlegung [&hellip;]<\/p>\n","protected":false},"author":1,"featured_media":0,"parent":0,"menu_order":0,"comment_status":"closed","ping_status":"closed","template":"elementor_header_footer","meta":{"_acf_changed":false,"footnotes":""},"class_list":["post-3489","page","type-page","status-publish","hentry"],"acf":[],"_links":{"self":[{"href":"https:\/\/www.palagio.it\/de\/wp-json\/wp\/v2\/pages\/3489","targetHints":{"allow":["GET"]}}],"collection":[{"href":"https:\/\/www.palagio.it\/de\/wp-json\/wp\/v2\/pages"}],"about":[{"href":"https:\/\/www.palagio.it\/de\/wp-json\/wp\/v2\/types\/page"}],"author":[{"embeddable":true,"href":"https:\/\/www.palagio.it\/de\/wp-json\/wp\/v2\/users\/1"}],"replies":[{"embeddable":true,"href":"https:\/\/www.palagio.it\/de\/wp-json\/wp\/v2\/comments?post=3489"}],"version-history":[{"count":5,"href":"https:\/\/www.palagio.it\/de\/wp-json\/wp\/v2\/pages\/3489\/revisions"}],"predecessor-version":[{"id":3720,"href":"https:\/\/www.palagio.it\/de\/wp-json\/wp\/v2\/pages\/3489\/revisions\/3720"}],"wp:attachment":[{"href":"https:\/\/www.palagio.it\/de\/wp-json\/wp\/v2\/media?parent=3489"}],"curies":[{"name":"wp","href":"https:\/\/api.w.org\/{rel}","templated":true}]}}